{"id":679,"date":"2022-03-10T17:18:25","date_gmt":"2022-03-10T16:18:25","guid":{"rendered":"http:\/\/enjoyyourlifes.fr\/?page_id=679"},"modified":"2024-07-25T09:58:32","modified_gmt":"2024-07-25T08:58:32","slug":"confidentialite","status":"publish","type":"page","link":"https:\/\/enjoyyourlifes.fr\/en\/confidentialite\/","title":{"rendered":"Privacy policy"},"content":{"rendered":"\t\t<div data-elementor-type=\"wp-page\" data-elementor-id=\"679\" class=\"elementor elementor-679\" data-elementor-post-type=\"page\">\n\t\t\t\t<div class=\"elementor-element elementor-element-3429588 e-flex e-con-boxed e-con e-parent\" data-id=\"3429588\" data-element_type=\"container\" data-e-type=\"container\" data-settings=\"{&quot;background_background&quot;:&quot;slideshow&quot;,&quot;background_slideshow_gallery&quot;:[{&quot;id&quot;:4320,&quot;url&quot;:&quot;http:\\\/\\\/enjoyyourlifes.fr\\\/wp-content\\\/uploads\\\/2024\\\/07\\\/evasion_romantique-enjoyyourlife.webp&quot;},{&quot;id&quot;:4321,&quot;url&quot;:&quot;http:\\\/\\\/enjoyyourlifes.fr\\\/wp-content\\\/uploads\\\/2024\\\/07\\\/enjoyyourlifes-chalet_insolite.webp&quot;},{&quot;id&quot;:4322,&quot;url&quot;:&quot;http:\\\/\\\/enjoyyourlifes.fr\\\/wp-content\\\/uploads\\\/2024\\\/07\\\/enjoyyourlifes-Chalet_romantique.webp&quot;},{&quot;id&quot;:4325,&quot;url&quot;:&quot;http:\\\/\\\/enjoyyourlifes.fr\\\/wp-content\\\/uploads\\\/2024\\\/07\\\/enjoyyourlifes-jaccuzi-chalet_insolite.webp&quot;}],&quot;background_slideshow_slide_duration&quot;:4000,&quot;background_slideshow_transition_duration&quot;:2500,&quot;background_slideshow_lazyload&quot;:&quot;yes&quot;,&quot;background_slideshow_loop&quot;:&quot;yes&quot;,&quot;background_slideshow_slide_transition&quot;:&quot;fade&quot;}\">\n\t\t\t\t\t<div class=\"e-con-inner\">\n\t\t\t\t<div class=\"elementor-element elementor-element-cb6b097 elementor-widget elementor-widget-spacer\" data-id=\"cb6b097\" data-element_type=\"widget\" data-e-type=\"widget\" data-widget_type=\"spacer.default\">\n\t\t\t\t<div class=\"elementor-widget-container\">\n\t\t\t\t\t\t\t<div class=\"elementor-spacer\">\n\t\t\t<div class=\"elementor-spacer-inner\"><\/div>\n\t\t<\/div>\n\t\t\t\t\t\t<\/div>\n\t\t\t\t<\/div>\n\t\t\t\t\t<\/div>\n\t\t\t\t<\/div>\n\t\t<div class=\"elementor-element elementor-element-1b6628f e-con-full e-flex e-con e-parent\" data-id=\"1b6628f\" data-element_type=\"container\" data-e-type=\"container\">\n\t\t\t\t<div class=\"elementor-element elementor-element-d6c1386 elementor-widget__width-initial elementor-widget elementor-widget-image-box\" data-id=\"d6c1386\" data-element_type=\"widget\" data-e-type=\"widget\" data-widget_type=\"image-box.default\">\n\t\t\t\t<div class=\"elementor-widget-container\">\n\t\t\t\t\t<div class=\"elementor-image-box-wrapper\"><div class=\"elementor-image-box-content\"><h3 class=\"elementor-image-box-title\">Politique de confidentialit\u00e9<\/h3><\/div><\/div>\t\t\t\t<\/div>\n\t\t\t\t<\/div>\n\t\t\t\t<div class=\"elementor-element elementor-element-71b73f7 elementor-widget__width-initial elementor-widget elementor-widget-text-editor\" data-id=\"71b73f7\" data-element_type=\"widget\" data-e-type=\"widget\" data-widget_type=\"text-editor.default\">\n\t\t\t\t<div class=\"elementor-widget-container\">\n\t\t\t\t\t\t\t\t\t<p><b>D\u00e9finitions<\/b><\/p><p>L&rsquo;\u00c9diteur : La personne, physique ou morale, qui \u00e9dite les services de communication au public en ligne.<br \/><span style=\"text-align: var(--text-align);\">Le Site : L&rsquo;ensemble des sites, pages Internet et services en ligne propos\u00e9s par l&rsquo;\u00c9diteur.<br \/><\/span><span style=\"text-align: var(--text-align);\">L&rsquo;Utilisateur : La personne utilisant le Site et les services.<\/span><\/p><p><b>Nature des donn\u00e9es collect\u00e9es<\/b><\/p><p>Dans le cadre de l&rsquo;utilisation des Sites, l&rsquo;\u00c9diteur est susceptible de collecter les cat\u00e9gories de donn\u00e9es suivantes concernant ses Utilisateurs :<\/p><p>&#8211; Donn\u00e9es d&rsquo;\u00e9tat-civil, d&rsquo;identit\u00e9, d&rsquo;identification&#8230;<br \/><span style=\"text-align: var(--text-align);\">&#8211; Donn\u00e9es de connexion (adresses IP, journaux d&rsquo;\u00e9v\u00e9nements&#8230;)<\/span><\/p><p><b>Communication des donn\u00e9es personnelles \u00e0 des tiers<\/b><\/p><p>Pas de communication \u00e0 des tiers. Vos donn\u00e9es ne font l&rsquo;objet d&rsquo;aucune communication \u00e0 des tiers. Vous \u00eates toutefois inform\u00e9s qu&rsquo;elles pourront \u00eatre divulgu\u00e9es en application d&rsquo;une loi, d&rsquo;un r\u00e8glement ou en vertu d&rsquo;une d\u00e9cision d&rsquo;une autorit\u00e9 r\u00e9glementaire ou judiciaire comp\u00e9tente.<\/p><p><b>3-\u00a0\u00a0 Information pr\u00e9alable pour la communication des donn\u00e9es personnelles \u00e0 des tiers en cas de fusion \/ absorption<\/b><\/p><p>Information pr\u00e9alable et possibilit\u00e9 d\u2019opt-out avant et apr\u00e8s la fusion \/ acquisition Dans le cas o\u00f9 nous prendrions part \u00e0 une op\u00e9ration de fusion, d\u2019acquisition ou \u00e0 toute autre forme de cession d\u2019actifs, nous nous engageons \u00e0 garantir la confidentialit\u00e9 de vos donn\u00e9es personnelles et \u00e0 vous informer avant que celles-ci ne soient transf\u00e9r\u00e9es ou soumises \u00e0 de nouvelles r\u00e8gles de confidentialit\u00e9.<\/p><p><b>Agr\u00e9gation des donn\u00e9es<\/b><\/p><p><span style=\"text-align: var(--text-align);\">Nous pouvons publier, divulguer et utiliser les informations agr\u00e9g\u00e9es (informations relatives \u00e0 tous nos Utilisateurs ou \u00e0 des groupes ou cat\u00e9gories sp\u00e9cifiques d&rsquo;Utilisateurs que nous combinons de mani\u00e8re \u00e0 ce qu&rsquo;un Utilisateur individuel ne puisse plus \u00eatre identifi\u00e9 ou mentionn\u00e9) et les informations non personnelles \u00e0 des fins d&rsquo;analyse du secteur et du march\u00e9, de profilage d\u00e9mographique, \u00e0 des fins promotionnelles et publicitaires et \u00e0 d&rsquo;autres fins commerciales.<\/span><\/p><p><span style=\"text-align: var(--text-align);\">Si vous connectez votre compte \u00e0 un compte d\u2019un autre service afin de faire des envois crois\u00e9s, ledit service pourra nous communiquer vos informations de profil, de connexion, ainsi que toute autre information dont vous avez autoris\u00e9 la divulgation. Nous pouvons agr\u00e9ger les informations relatives \u00e0 tous nos autres Utilisateurs, groupes, comptes, aux donn\u00e9es personnelles disponibles sur l\u2019Utilisateur.<\/span><\/p><p><b>Collecte des donn\u00e9es d&rsquo;identit\u00e9<\/b><\/p><p><span style=\"text-align: var(--text-align);\">La consultation du Site ne n\u00e9cessite pas d&rsquo;inscription ni d&rsquo;identification pr\u00e9alable. Elle peut s&rsquo;effectuer sans que vous ne communiquiez de donn\u00e9es nominatives vous concernant (nom, pr\u00e9nom, adresse, etc). Nous ne proc\u00e9dons \u00e0 aucun enregistrement de donn\u00e9es nominatives pour la simple consultation du Site.<\/span><\/p><p><b>Collecte des donn\u00e9es d&rsquo;identification<\/b><\/p><p><span style=\"text-align: var(--text-align);\">Nous utilisons vos identifiants \u00e9lectroniques pour rechercher des relations pr\u00e9sentes par connexion, par adresse mail ou par services. Nous pouvons utiliser vos informations de contact pour permettre \u00e0 d&rsquo;autres personnes de trouver votre compte, notamment via des services tiers et des applications clientes. Vous pouvez t\u00e9l\u00e9charger votre carnet d&rsquo;adresses afin que nous soyons en mesure de vous aider \u00e0 trouver des connaissances sur notre r\u00e9seau ou pour permettre \u00e0 d&rsquo;autres Utilisateurs de notre r\u00e9seau de vous trouver. Nous pouvons vous proposer des suggestions, \u00e0 vous et \u00e0 d&rsquo;autres Utilisateurs du r\u00e9seau, \u00e0 partir des contacts import\u00e9s de votre carnet d\u2019adresses. Nous sommes susceptibles de travailler en partenariat avec des soci\u00e9t\u00e9s qui proposent des offres incitatives. Pour prendre en charge ce type de promotion et d&rsquo;offre incitative, nous sommes susceptibles de partager votre identifiant \u00e9lectronique.<\/span><\/p><p><b>Collecte des donn\u00e9es du terminal<\/b><\/p><p><span style=\"text-align: var(--text-align);\">Certaines des donn\u00e9es techniques de votre appareil sont collect\u00e9es automatiquement par le Site. Ces informations incluent notamment votre adresse IP, fournisseur d&rsquo;acc\u00e8s \u00e0 Internet, configuration mat\u00e9rielle, configuration logicielle, type et langue du navigateur&#8230; La collecte de ces donn\u00e9es est n\u00e9cessaire \u00e0 la fourniture des services.<\/span><\/p><p><span style=\"text-align: var(--text-align);\">Les donn\u00e9es techniques de votre appareil sont automatiquement collect\u00e9es et enregistr\u00e9es par le Site, \u00e0 des fins publicitaires, commerciales et statistiques. Ces informations nous aident \u00e0 personnaliser et \u00e0 am\u00e9liorer continuellement votre exp\u00e9rience sur notre Site. Nous ne collectons ni ne conservons aucune donn\u00e9e nominative (nom, pr\u00e9nom, adresse&#8230;) \u00e9ventuellement attach\u00e9e \u00e0 une donn\u00e9e technique. Les donn\u00e9es collect\u00e9es sont susceptibles d\u2019\u00eatre revendues \u00e0 des tiers.<\/span><\/p><p><b>Cookies<\/b><\/p><p><span style=\"text-align: var(--text-align);\">Conform\u00e9ment aux recommandations de la CNIL, la dur\u00e9e maximale de conservation des cookies est de 13 mois au maximum apr\u00e8s leur premier d\u00e9p\u00f4t dans le terminal de l&rsquo;Utilisateur, tout comme la dur\u00e9e de la validit\u00e9 du consentement de l\u2019Utilisateur \u00e0 l\u2019utilisation de ces cookies. La dur\u00e9e de vie des cookies n\u2019est pas prolong\u00e9e \u00e0 chaque visite. Le consentement de l\u2019Utilisateur devra donc \u00eatre renouvel\u00e9 \u00e0 l&rsquo;issue de ce d\u00e9lai.<\/span><\/p><p><span style=\"text-align: var(--text-align);\">Les cookies peuvent \u00eatre utilis\u00e9s pour des fins statistiques notamment pour optimiser les services rendus \u00e0 l&rsquo;Utilisateur, \u00e0 partir du traitement des informations concernant la fr\u00e9quence d&rsquo;acc\u00e8s, la personnalisation des pages ainsi que les op\u00e9rations r\u00e9alis\u00e9es et les informations consult\u00e9es.<\/span><\/p><p>Vous \u00eates inform\u00e9 que l&rsquo;\u00c9diteur est susceptible de d\u00e9poser des cookies sur votre terminal. Le cookie enregistre des informations relatives \u00e0 la navigation sur le service (les pages que vous avez consult\u00e9es, la date et l&rsquo;heure de la consultation&#8230;) que nous pourrons lire lors de vos visites ult\u00e9rieures.<\/p><p><span style=\"text-align: var(--text-align);\">Vous reconnaissez avoir \u00e9t\u00e9 inform\u00e9 que l&rsquo;\u00c9diteur peut avoir recours \u00e0 des cookies, et l&rsquo;y autorisez. Si vous ne souhaitez pas que des cookies soient utilis\u00e9s sur votre terminal, la plupart des navigateurs vous permettent de d\u00e9sactiver les cookies en passant par les options de r\u00e9glage. Toutefois, vous \u00eates inform\u00e9 que certains services sont susceptibles de ne plus fonctionner correctement.<\/span><\/p><p><span style=\"text-align: var(--text-align);\">L&rsquo;\u00c9diteur peut \u00eatre amen\u00e9e \u00e0 recueillir des informations de navigation via l&rsquo;utilisation de cookies.<\/span><\/p><p><b>Conservation des donn\u00e9es techniques<\/b><\/p><p><span style=\"text-align: var(--text-align);\">Les donn\u00e9es techniques sont conserv\u00e9es pour la dur\u00e9e strictement n\u00e9cessaire \u00e0 la r\u00e9alisation des finalit\u00e9s vis\u00e9es ci-avant.<\/span><\/p><p><b>D\u00e9lai de conservation des donn\u00e9es personnelles et d&rsquo;anonymisation<\/b><\/p><p><span style=\"text-align: var(--text-align);\">Conform\u00e9ment \u00e0 l&rsquo;article 6-5\u00b0 de la loi n\u00b078-17 du 6 janvier 1978 relative \u00e0 l&rsquo;informatique, aux fichiers et aux libert\u00e9s, les donn\u00e9es \u00e0 caract\u00e8re personnel faisant l&rsquo;objet d&rsquo;un traitement ne sont pas conserv\u00e9es au-del\u00e0 du temps n\u00e9cessaire \u00e0 l&rsquo;ex\u00e9cution des obligations d\u00e9finies lors de la conclusion du contrat ou de la dur\u00e9e pr\u00e9d\u00e9finie de la relation contractuelle.<\/span><\/p><p><span style=\"text-align: var(--text-align);\">Nous conservons les donn\u00e9es personnelles pour la dur\u00e9e strictement n\u00e9cessaire \u00e0 la r\u00e9alisation des finalit\u00e9s d\u00e9crites dans les pr\u00e9sentes Politiques de confidentialit\u00e9. Au-del\u00e0 de cette dur\u00e9e, elles seront anonymis\u00e9es et conserv\u00e9es \u00e0 des fins exclusivement statistiques et ne donneront lieu \u00e0 aucune exploitation, de quelque nature que ce soit.<\/span><\/p><p><span style=\"text-align: var(--text-align);\">Des moyens de purge de donn\u00e9es sont mis en place afin d&rsquo;en pr\u00e9voir la suppression effective d\u00e8s lors que la dur\u00e9e de conservation ou d&rsquo;archivage n\u00e9cessaire \u00e0 l&rsquo;accomplissement des finalit\u00e9s d\u00e9termin\u00e9es ou impos\u00e9es est atteinte. Conform\u00e9ment \u00e0 la loi n\u00b078-17 du 6 janvier 1978 relative \u00e0 l&rsquo;informatique, aux fichiers et aux libert\u00e9s, vous disposez par ailleurs d&rsquo;un droit de suppression sur vos donn\u00e9es que vous pouvez exercer \u00e0 tout moment en prenant contact avec l&rsquo;\u00c9diteur.<\/span><\/p><p><span style=\"text-align: var(--text-align);\">Pour des raisons de s\u00e9curit\u00e9, si vous ne vous \u00eates pas authentifi\u00e9 sur le Site pendant une p\u00e9riode de trois ans, vous recevrez un e-mail vous invitant \u00e0 vous connecter dans les plus brefs d\u00e9lais, sans quoi vos donn\u00e9es seront supprim\u00e9es de nos bases de donn\u00e9es.<\/span><\/p><p><b>Suppression du compte<\/b><\/p><p><span style=\"text-align: var(--text-align);\">L&rsquo;Utilisateur a la possibilit\u00e9 de supprimer son Compte \u00e0 tout moment, par simple demande \u00e0 l&rsquo;\u00c9diteur OU par le menu de suppression de Compte pr\u00e9sent dans les param\u00e8tres du Compte le cas \u00e9ch\u00e9ant.<\/span><\/p><p><span style=\"text-align: var(--text-align);\">En cas de violation d&rsquo;une ou de plusieurs dispositions de la Politique de Confidentialit\u00e9 ou de tout autre document incorpor\u00e9 aux pr\u00e9sentes par r\u00e9f\u00e9rence, l&rsquo;\u00c9diteur se r\u00e9serve le droit de mettre fin ou restreindre sans aucun avertissement pr\u00e9alable et \u00e0 sa seule discr\u00e9tion, votre usage et acc\u00e8s aux services, \u00e0 votre compte et \u00e0 tous les Sites.<\/span><\/p><p><b>Indications en cas de faille de s\u00e9curit\u00e9 d\u00e9cel\u00e9e par l&rsquo;\u00c9diteur<\/b><\/p><p><span style=\"text-align: var(--text-align);\">Nous nous engageons \u00e0 mettre en oeuvre toutes les mesures techniques et organisationnelles appropri\u00e9es afin de garantir un niveau de s\u00e9curit\u00e9 adapt\u00e9 au regard des risques d&rsquo;acc\u00e8s accidentels, non autoris\u00e9s ou ill\u00e9gaux, de divulgation, d&rsquo;alt\u00e9ration, de perte ou encore de destruction des donn\u00e9es personnelles vous concernant. Dans l&rsquo;\u00e9ventualit\u00e9 o\u00f9 nous prendrions connaissance d&rsquo;un acc\u00e8s ill\u00e9gal aux donn\u00e9es personnelles vous concernant stock\u00e9es sur nos serveurs ou ceux de nos prestataires, ou d&rsquo;un acc\u00e8s non autoris\u00e9 ayant pour cons\u00e9quence la r\u00e9alisation des risques identifi\u00e9s ci-dessus, nous nous engageons \u00e0 :<\/span><\/p><p>Vous notifier l&rsquo;incident dans les plus brefs d\u00e9lais ; Examiner les causes de l&rsquo;incident et vous en informer ;<\/p><p>Prendre les mesures n\u00e9cessaires dans la limite du raisonnable afin d&rsquo;amoindrir les effets n\u00e9gatifs et pr\u00e9judices pouvant r\u00e9sulter dudit incident.<\/p><p><span style=\"text-align: var(--text-align);\">En aucun cas les engagements d\u00e9finis au point ci-dessus relatifs \u00e0 la notification en cas de faille de s\u00e9curit\u00e9 ne peuvent \u00eatre assimil\u00e9s \u00e0 une quelconque reconnaissance de faute ou de responsabilit\u00e9 quant \u00e0 la survenance de l&rsquo;incident en question.<\/span><\/p><p><b>Modification de la politique de confidentialit\u00e9<\/b><\/p><p>En cas de modification de la pr\u00e9sente Politique de Confidentialit\u00e9, engagement de ne pas baisser le niveau de confidentialit\u00e9 de mani\u00e8re substantielle sans l&rsquo;information pr\u00e9alable des personnes concern\u00e9es<\/p><p>Nous nous engageons \u00e0 vous informer en cas de modification substantielle de la pr\u00e9sente Politique de Confidentialit\u00e9, et \u00e0 ne pas baisser le niveau de confidentialit\u00e9 de vos donn\u00e9es de mani\u00e8re substantielle sans vous en informer et obtenir votre consentement.<\/p><p><b>Droit applicable et modalit\u00e9s de recours<\/b><\/p><p><span style=\"text-align: var(--text-align);\">Vous acceptez express\u00e9ment que tout litige susceptible de na\u00eetre du fait de la pr\u00e9sente Politique de Confidentialit\u00e9, notamment de son interpr\u00e9tation ou de son ex\u00e9cution, rel\u00e8vera d&rsquo;une proc\u00e9dure d&rsquo;arbitrage soumise au r\u00e8glement de la plateforme d&rsquo;arbitrage choisie d&rsquo;un commun accord, auquel vous adh\u00e9rerez sans r\u00e9serve.<\/span><\/p><p><b>Portabilit\u00e9 des donn\u00e9es<\/b><\/p><p><span style=\"text-align: var(--text-align);\">L&rsquo;\u00c9diteur s&rsquo;engage \u00e0 vous offrir la possibilit\u00e9 de vous faire restituer l&rsquo;ensemble des donn\u00e9es vous concernant sur simple demande. L&rsquo;Utilisateur se voit ainsi garantir une meilleure ma\u00eetrise de ses donn\u00e9es, et garde la possibilit\u00e9 de les r\u00e9utiliser. Ces donn\u00e9es devront \u00eatre fournies dans un format ouvert et ais\u00e9ment r\u00e9utilisable.<\/span><\/p>\t\t\t\t\t\t\t\t<\/div>\n\t\t\t\t<\/div>\n\t\t\t\t<\/div>\n\t\t<div class=\"elementor-element elementor-element-77fc66e e-con-full e-flex e-con e-child\" data-id=\"77fc66e\" data-element_type=\"container\" data-e-type=\"container\">\n\t\t\t\t<div class=\"elementor-element elementor-element-f8aaa0a show-form-button elementor-widget elementor-widget-button\" data-id=\"f8aaa0a\" data-element_type=\"widget\" data-e-type=\"widget\" data-widget_type=\"button.default\">\n\t\t\t\t<div class=\"elementor-widget-container\">\n\t\t\t\t\t\t\t\t\t<div class=\"elementor-button-wrapper\">\n\t\t\t\t\t<a class=\"elementor-button elementor-size-sm\" role=\"button\">\n\t\t\t\t\t\t<span class=\"elementor-button-content-wrapper\">\n\t\t\t\t\t\t\t\t\t<span class=\"elementor-button-text\">R\u00e9server un s\u00e9jour<\/span>\n\t\t\t\t\t<\/span>\n\t\t\t\t\t<\/a>\n\t\t\t\t<\/div>\n\t\t\t\t\t\t\t\t<\/div>\n\t\t\t\t<\/div>\n\t\t\t\t<div class=\"elementor-element elementor-element-5aeb41a elementor-widget__width-initial elementor-button-align-center hidden-form elementor-widget elementor-widget-form\" data-id=\"5aeb41a\" data-element_type=\"widget\" data-e-type=\"widget\" id=\"bookingform\" data-settings=\"{&quot;step_next_label&quot;:&quot;Suivant&quot;,&quot;step_previous_label&quot;:&quot;Pr\\u00e9c\\u00e9dent&quot;,&quot;step_type&quot;:&quot;number_text&quot;,&quot;step_icon_shape&quot;:&quot;circle&quot;}\" hidden-form=\"\" display=\"\" data-widget_type=\"form.default\">\n\t\t\t\t<div class=\"elementor-widget-container\">\n\t\t\t\t\t\t\t<form class=\"elementor-form\" method=\"post\" name=\"Formulaire r\u00e9servation\" aria-label=\"Formulaire r\u00e9servation\">\n\t\t\t<input type=\"hidden\" name=\"post_id\" value=\"679\"\/>\n\t\t\t<input type=\"hidden\" name=\"form_id\" value=\"5aeb41a\"\/>\n\t\t\t<input type=\"hidden\" name=\"referer_title\" value=\"ENJOY YOUR LIFE | Politique de confidentialit\u00e9\" \/>\n\n\t\t\t\t\t\t\t<input type=\"hidden\" name=\"queried_id\" value=\"679\"\/>\n\t\t\t\n\t\t\t<div class=\"elementor-form-fields-wrapper elementor-labels-above\">\n\t\t\t\t\t\t\t\t<div class=\"elementor-field-type-select elementor-field-group elementor-column elementor-field-group-ville elementor-col-20 elementor-field-required\">\n\t\t\t\t\t\t\t\t\t\t\t\t<label for=\"form-field-ville\" class=\"elementor-field-label\">\n\t\t\t\t\t\t\t\tO\u00f9 souhaitez-vous s\u00e9journer ?\t\t\t\t\t\t\t<\/label>\n\t\t\t\t\t\t\t\t<div class=\"elementor-field elementor-select-wrapper remove-before \">\n\t\t\t<div class=\"select-caret-down-wrapper\">\n\t\t\t\t<svg aria-hidden=\"true\" class=\"e-font-icon-svg e-eicon-caret-down\" viewBox=\"0 0 571.4 571.4\" xmlns=\"http:\/\/www.w3.org\/2000\/svg\"><path d=\"M571 393Q571 407 561 418L311 668Q300 679 286 679T261 668L11 418Q0 407 0 393T11 368 36 357H536Q550 357 561 368T571 393Z\"><\/path><\/svg>\t\t\t<\/div>\n\t\t\t<select name=\"form_fields[ville]\" id=\"form-field-ville\" class=\"elementor-field-textual elementor-size-md\" required=\"required\">\n\t\t\t\t\t\t\t\t\t<option value=\"AMIENS\">AMIENS<\/option>\n\t\t\t\t\t\t\t\t\t<option value=\"EVREUX\">EVREUX<\/option>\n\t\t\t\t\t\t\t<\/select>\n\t\t<\/div>\n\t\t\t\t\t\t<\/div>\n\t\t\t\t\t\t\t\t<div class=\"elementor-field-type-date elementor-field-group elementor-column elementor-field-group-checkin elementor-col-20 elementor-sm-50 elementor-field-required\">\n\t\t\t\t\t\t\t\t\t\t\t\t<label for=\"form-field-checkin\" class=\"elementor-field-label\">\n\t\t\t\t\t\t\t\tArriv\u00e9e\t\t\t\t\t\t\t<\/label>\n\t\t\t\t\t\t\n\t\t<input type=\"date\" name=\"form_fields[checkin]\" id=\"form-field-checkin\" class=\"elementor-field elementor-size-md  elementor-field-textual elementor-date-field elementor-use-native\" placeholder=\"Date d&#039;arriv\u00e9e\" required=\"required\" pattern=\"[0-9]{4}-[0-9]{2}-[0-9]{2}\">\n\t\t\t\t\t\t<\/div>\n\t\t\t\t\t\t\t\t<div class=\"elementor-field-type-date elementor-field-group elementor-column elementor-field-group-checkout elementor-col-20 elementor-sm-50 elementor-field-required\">\n\t\t\t\t\t\t\t\t\t\t\t\t<label for=\"form-field-checkout\" class=\"elementor-field-label\">\n\t\t\t\t\t\t\t\tD\u00e9part\t\t\t\t\t\t\t<\/label>\n\t\t\t\t\t\t\n\t\t<input type=\"date\" name=\"form_fields[checkout]\" id=\"form-field-checkout\" class=\"elementor-field elementor-size-md  elementor-field-textual elementor-date-field elementor-use-native\" placeholder=\"Date de d\u00e9part\" required=\"required\" pattern=\"[0-9]{4}-[0-9]{2}-[0-9]{2}\">\n\t\t\t\t\t\t<\/div>\n\t\t\t\t\t\t\t\t<div class=\"elementor-field-type-select elementor-field-group elementor-column elementor-field-group-adultes elementor-col-20 elementor-sm-50 elementor-field-required\">\n\t\t\t\t\t\t\t\t\t\t\t\t<label for=\"form-field-adultes\" class=\"elementor-field-label\">\n\t\t\t\t\t\t\t\tAdultes\t\t\t\t\t\t\t<\/label>\n\t\t\t\t\t\t\t\t<div class=\"elementor-field elementor-select-wrapper remove-before \">\n\t\t\t<div class=\"select-caret-down-wrapper\">\n\t\t\t\t<svg aria-hidden=\"true\" class=\"e-font-icon-svg e-eicon-caret-down\" viewBox=\"0 0 571.4 571.4\" xmlns=\"http:\/\/www.w3.org\/2000\/svg\"><path d=\"M571 393Q571 407 561 418L311 668Q300 679 286 679T261 668L11 418Q0 407 0 393T11 368 36 357H536Q550 357 561 368T571 393Z\"><\/path><\/svg>\t\t\t<\/div>\n\t\t\t<select name=\"form_fields[adultes]\" id=\"form-field-adultes\" class=\"elementor-field-textual elementor-size-md\" required=\"required\">\n\t\t\t\t\t\t\t\t\t<option value=\"1\" selected=\"selected\">1<\/option>\n\t\t\t\t\t\t\t\t\t<option value=\"2\">2<\/option>\n\t\t\t\t\t\t\t\t\t<option value=\"3\">3<\/option>\n\t\t\t\t\t\t\t\t\t<option value=\"4\">4<\/option>\n\t\t\t\t\t\t\t\t\t<option value=\"5\">5<\/option>\n\t\t\t\t\t\t\t\t\t<option value=\"6\">6<\/option>\n\t\t\t\t\t\t\t\t\t<option value=\"7\">7<\/option>\n\t\t\t\t\t\t\t\t\t<option value=\"8\">8<\/option>\n\t\t\t\t\t\t\t\t\t<option value=\"9\">9<\/option>\n\t\t\t\t\t\t\t\t\t<option value=\"10\">10<\/option>\n\t\t\t\t\t\t\t<\/select>\n\t\t<\/div>\n\t\t\t\t\t\t<\/div>\n\t\t\t\t\t\t\t\t<div class=\"elementor-field-type-select elementor-field-group elementor-column elementor-field-group-enfants elementor-col-20 elementor-sm-50 elementor-field-required\">\n\t\t\t\t\t\t\t\t\t\t\t\t<label for=\"form-field-enfants\" class=\"elementor-field-label\">\n\t\t\t\t\t\t\t\tEnfants\t\t\t\t\t\t\t<\/label>\n\t\t\t\t\t\t\t\t<div class=\"elementor-field elementor-select-wrapper remove-before \">\n\t\t\t<div class=\"select-caret-down-wrapper\">\n\t\t\t\t<svg aria-hidden=\"true\" class=\"e-font-icon-svg e-eicon-caret-down\" viewBox=\"0 0 571.4 571.4\" xmlns=\"http:\/\/www.w3.org\/2000\/svg\"><path d=\"M571 393Q571 407 561 418L311 668Q300 679 286 679T261 668L11 418Q0 407 0 393T11 368 36 357H536Q550 357 561 368T571 393Z\"><\/path><\/svg>\t\t\t<\/div>\n\t\t\t<select name=\"form_fields[enfants]\" id=\"form-field-enfants\" class=\"elementor-field-textual elementor-size-md\" required=\"required\">\n\t\t\t\t\t\t\t\t\t<option value=\"0\">0<\/option>\n\t\t\t\t\t\t\t\t\t<option value=\"1\">1<\/option>\n\t\t\t\t\t\t\t\t\t<option value=\"2\">2<\/option>\n\t\t\t\t\t\t\t\t\t<option value=\"3\">3<\/option>\n\t\t\t\t\t\t\t\t\t<option value=\"4\">4<\/option>\n\t\t\t\t\t\t\t\t\t<option value=\"5\">5<\/option>\n\t\t\t\t\t\t\t\t\t<option value=\"6\">6<\/option>\n\t\t\t\t\t\t\t\t\t<option value=\"7\">7<\/option>\n\t\t\t\t\t\t\t\t\t<option value=\"8\">8<\/option>\n\t\t\t\t\t\t\t\t\t<option value=\"9\">9<\/option>\n\t\t\t\t\t\t\t<\/select>\n\t\t<\/div>\n\t\t\t\t\t\t<\/div>\n\t\t\t\t\t\t\t\t<div class=\"elementor-field-group elementor-column elementor-field-type-submit elementor-col-100 e-form__buttons\">\n\t\t\t\t\t<button class=\"elementor-button elementor-size-md\" type=\"submit\">\n\t\t\t\t\t\t<span class=\"elementor-button-content-wrapper\">\n\t\t\t\t\t\t\t\t\t\t\t\t\t\t\t\t\t\t\t\t\t\t<span class=\"elementor-button-text\">VOIR LES DISPONIBILIT\u00c9S<\/span>\n\t\t\t\t\t\t\t\t\t\t\t\t\t<\/span>\n\t\t\t\t\t<\/button>\n\t\t\t\t<\/div>\n\t\t\t<\/div>\n\t\t<\/form>\n\t\t\t\t\t\t<\/div>\n\t\t\t\t<\/div>\n\t\t\t\t<\/div>\n\t\t\t\t<\/div>\n\t\t","protected":false},"excerpt":{"rendered":"<p>Politique de confidentialit\u00e9 D\u00e9finitions L&rsquo;\u00c9diteur : La personne, physique ou morale, qui \u00e9dite les services de communication au public en ligne.Le Site : L&rsquo;ensemble des sites, pages Internet et services en ligne propos\u00e9s par l&rsquo;\u00c9diteur.L&rsquo;Utilisateur : La personne utilisant le Site et les services. Nature des donn\u00e9es collect\u00e9es Dans le cadre de l&rsquo;utilisation des Sites, [&hellip;]<\/p>\n","protected":false},"author":4,"featured_media":4339,"parent":0,"menu_order":0,"comment_status":"closed","ping_status":"closed","template":"","meta":{"footnotes":""},"class_list":["post-679","page","type-page","status-publish","has-post-thumbnail","hentry"],"_links":{"self":[{"href":"https:\/\/enjoyyourlifes.fr\/en\/wp-json\/wp\/v2\/pages\/679","targetHints":{"allow":["GET"]}}],"collection":[{"href":"https:\/\/enjoyyourlifes.fr\/en\/wp-json\/wp\/v2\/pages"}],"about":[{"href":"https:\/\/enjoyyourlifes.fr\/en\/wp-json\/wp\/v2\/types\/page"}],"author":[{"embeddable":true,"href":"https:\/\/enjoyyourlifes.fr\/en\/wp-json\/wp\/v2\/users\/4"}],"replies":[{"embeddable":true,"href":"https:\/\/enjoyyourlifes.fr\/en\/wp-json\/wp\/v2\/comments?post=679"}],"version-history":[{"count":0,"href":"https:\/\/enjoyyourlifes.fr\/en\/wp-json\/wp\/v2\/pages\/679\/revisions"}],"wp:featuredmedia":[{"embeddable":true,"href":"https:\/\/enjoyyourlifes.fr\/en\/wp-json\/wp\/v2\/media\/4339"}],"wp:attachment":[{"href":"https:\/\/enjoyyourlifes.fr\/en\/wp-json\/wp\/v2\/media?parent=679"}],"curies":[{"name":"wp","href":"https:\/\/api.w.org\/{rel}","templated":true}]}}