{"id":672,"date":"2022-03-10T17:01:04","date_gmt":"2022-03-10T16:01:04","guid":{"rendered":"http:\/\/enjoyyourlifes.fr\/?page_id=672"},"modified":"2024-07-25T09:52:04","modified_gmt":"2024-07-25T08:52:04","slug":"conditions-generales","status":"publish","type":"page","link":"https:\/\/enjoyyourlifes.fr\/en\/conditions-generales\/","title":{"rendered":"Conditions G\u00e9n\u00e9rales et R\u00e8glement"},"content":{"rendered":"\t\t<div data-elementor-type=\"wp-page\" data-elementor-id=\"672\" class=\"elementor elementor-672\" data-elementor-post-type=\"page\">\n\t\t\t\t<div class=\"elementor-element elementor-element-71da2a0 e-flex e-con-boxed e-con e-parent\" data-id=\"71da2a0\" data-element_type=\"container\" data-e-type=\"container\" data-settings=\"{&quot;background_background&quot;:&quot;classic&quot;}\">\n\t\t\t\t\t<div class=\"e-con-inner\">\n\t\t\t\t<div class=\"elementor-element elementor-element-e92e033 elementor-widget elementor-widget-spacer\" data-id=\"e92e033\" data-element_type=\"widget\" data-e-type=\"widget\" data-widget_type=\"spacer.default\">\n\t\t\t\t<div class=\"elementor-widget-container\">\n\t\t\t\t\t\t\t<div class=\"elementor-spacer\">\n\t\t\t<div class=\"elementor-spacer-inner\"><\/div>\n\t\t<\/div>\n\t\t\t\t\t\t<\/div>\n\t\t\t\t<\/div>\n\t\t\t\t\t<\/div>\n\t\t\t\t<\/div>\n\t\t<div class=\"elementor-element elementor-element-a924ee8 e-con-full e-flex e-con e-parent\" data-id=\"a924ee8\" data-element_type=\"container\" data-e-type=\"container\">\n\t\t\t\t<div class=\"elementor-element elementor-element-6f7245f elementor-widget__width-initial elementor-widget elementor-widget-image-box\" data-id=\"6f7245f\" data-element_type=\"widget\" data-e-type=\"widget\" data-widget_type=\"image-box.default\">\n\t\t\t\t<div class=\"elementor-widget-container\">\n\t\t\t\t\t<div class=\"elementor-image-box-wrapper\"><div class=\"elementor-image-box-content\"><h3 class=\"elementor-image-box-title\">Conditions g\u00e9n\u00e9rales et r\u00e8glement<\/h3><\/div><\/div>\t\t\t\t<\/div>\n\t\t\t\t<\/div>\n\t\t\t\t<div class=\"elementor-element elementor-element-5037b72 elementor-widget__width-initial elementor-widget elementor-widget-text-editor\" data-id=\"5037b72\" data-element_type=\"widget\" data-e-type=\"widget\" data-widget_type=\"text-editor.default\">\n\t\t\t\t<div class=\"elementor-widget-container\">\n\t\t\t\t\t\t\t\t\t<p>Date de derni\u00e8re mise \u00e0 jour 08\/07\/2024<\/p><p><b>CONDITIONS GENERALES DE LOCATION ET ANNULATION<\/b><\/p><p><span style=\"text-align: var(--text-align);\">ENJOYYOURLIFES applique les pr\u00e9sentes conditions g\u00e9n\u00e9rales \u00e0 l\u2019ensemble de ses logements et r\u00e9servations.<\/span><\/p><p>Chaque logement b\u00e9n\u00e9ficie d\u2019un nettoyage standard, de lits faits \u00e0 votre arriv\u00e9e, et de la fourniture de linge de maison et de bain de qualit\u00e9 h\u00f4teli\u00e8re. Nous veillons au niveau des consommables et \u00e9quipements afin de nous assurer que vous ne manquez de rien, dont gel douche, shampoing et liquide vaisselle.<\/p><p><b>ARRIVEES ET D\u00c9PARTS<\/b><\/p><p>Les arriv\u00e9es sont possibles \u00e0 partir de 17:00. Une arriv\u00e9e anticip\u00e9 d\u00e8s 16h00 est possible moyennant des frais additionnels \u00e0 r\u00e9gler comme \u00ab\u00a0extra\u00a0\u00bb apr\u00e8s la r\u00e9servation effectu\u00e9e.<\/p><p><span style=\"text-align: var(--text-align);\">\u00c0 la fin d&rsquo;un s\u00e9jour, les d\u00e9parts doivent \u00eatre effectu\u00e9s avant 10:00. Un d\u00e9part tardif jusqu&rsquo;\u00e0 12h00 est possible moyennant des frais additionnels \u00e0 r\u00e9gler comme \u00ab\u00a0extra\u00a0\u00bb.\u00a0<\/span><span style=\"text-align: var(--text-align);\">Pour des raisons d\u2019organisation interne, la demande de prolongation de votre s\u00e9jour ou de d\u00e9part tardif doit imp\u00e9rativement s\u2019effectuer au minimum 24h avant l\u2019heure de d\u00e9part pr\u00e9vue lors de votre r\u00e9servation, \u00e0 savoir la veille du d\u00e9part \u00e0 10h<\/span><span style=\"text-align: var(--text-align);\">.<\/span><\/p><p>Hors de ce d\u00e9lai nous ne pourrons malheureusement pas garantir votre requ\u00eate et le logement devra \u00eatre lib\u00e9r\u00e9 \u00e0 la date et heure initialement pr\u00e9vue. Le cas \u00e9ch\u00e9ant, un d\u00e9part tardif pourra \u00eatre factur\u00e9 s\u2019il a lieu.<\/p><div><b style=\"text-align: var(--text-align);\">ARRIV\u00c9E AUTONOME ET REMISE DES CL\u00c9S<\/b><br \/><b style=\"text-align: var(--text-align);\"><br \/><\/b><\/div><p><span style=\"text-align: var(--text-align);\">Les arriv\u00e9es sont autonome gr\u00e2ce \u00e0 un code d&rsquo;acc\u00e8s. Certain de nos logement peuvent \u00eatre munis de cl\u00e9s. Le cas \u00e9ch\u00e9ant, la totalit\u00e9 des cl\u00e9s mise \u00e0 votre disposition lors de votre arriv\u00e9e devront \u00eatre restitu\u00e9es selon les instructions transmises par nos soins.<\/span><\/p><p><span style=\"text-align: var(--text-align);\">La perte, disparition des cl\u00e9s, ou d\u00e9p\u00f4t dans un emplacement non pr\u00e9vu, au m\u00eame titre que le d\u00e9part au-del\u00e0 de l\u2019horaire pr\u00e9vu sans nous avoir pr\u00e9venu, pourra faire l\u2019objet d\u2019une retenue int\u00e9grale de la caution ou d\u2019une facturation.<\/span><\/p><p><b>DEPOT DE GARANTIE\u00a0<\/b><\/p><p>En r\u00e9servant nos logements,\u00a0<span style=\"text-align: var(--text-align);\">ENJOYYOURLIFES<\/span><span style=\"text-align: var(--text-align);\">\u00a0applique un d\u00e9p\u00f4t de garantie de 300\u20ac. Ce d\u00e9p\u00f4t de garantie est une empreinte bancaire qui sera \u00ab\u00a0pr\u00e9 autoris\u00e9e\u00a0\u00bb et \u00ab\u00a0non encaiss\u00e9e\u00a0\u00bb automatiquement sur votre carte de cr\u00e9dit, via notre syst\u00e8me de caution en ligne. Son montant devra \u00eatre vers\u00e9 avant votre arriv\u00e9e pour pouvoir acc\u00e9der au logement. Cette somme sera d\u00e9bloqu\u00e9e le lendemain de votre d\u00e9part, montant d\u00e9duit d\u2019\u00e9ventuels d\u00e9g\u00e2ts, vols, oublis ou manquement aux pr\u00e9sentes conditions g\u00e9n\u00e9rales. En cas de d\u00e9gradations ou vol d\u2019une valeur sup\u00e9rieure,\u00a0<\/span>ENJOYYOURLIFES<span style=\"text-align: var(--text-align);\">\u00a0se r\u00e9serve la possibilit\u00e9 de retenir un paiement d\u2019un montant sup\u00e9rieur, \u00e9gal au montant du pr\u00e9judice subi, et ou d\u2019entamer des poursuites judiciaires \u00e0 l\u2019encontre du voyageur ayant scann\u00e9 sa pi\u00e8ce d\u2019identit\u00e9 lors de l\u2019enregistrement en ligne.<\/span><\/p><p>Veuillez noter que\u00a0<span style=\"text-align: var(--text-align);\">ENJOYYOURLIFES<\/span><span style=\"text-align: var(--text-align);\">\u00a0veillera \u00e0 faire le maximum pour \u00e9viter toute confusion sur le fonctionnement du d\u00e9p\u00f4t de garantie, et dans une optique de ne retenir la caution que dans des cas extr\u00eames et n\u00e9cessaires.<\/span><\/p><p>Notre ambition est d\u2019accueillir des voyageurs sensibles au respect des lieux et du voisinage, et de leur faire passer un s\u00e9jour agr\u00e9able et bien organis\u00e9.<\/p><p><b>ETAT DES LIEUX A VOTRE ARRIVEE<\/b><\/p><p>Nous ne proc\u00e9derons pas \u00e0 un \u00e9tat des lieux formalis\u00e9 avec vous \u00e0 votre arriv\u00e9e ou \u00e0 votre d\u00e9part du logement. Le logement aura \u00e9t\u00e9 nettoy\u00e9 et v\u00e9rifi\u00e9 par nos \u00e9quipes avant votre venue. A votre arriv\u00e9e, nous vous remercions donc de nous signaler imm\u00e9diatement tout d\u00e9g\u00e2t ou manquement afin d\u2019\u00e9viter toute confusion. Notre \u00e9quipe aura \u00e0 c\u0153ur, en cas de manquement ou g\u00eane quelconque, de vous aider durant votre s\u00e9jour sur simple appel ou mail, le plus rapidement possible et dans la limite de ses horaires d\u2019ouverture.<\/p><p><b>RESERVATION ET PAIEMENT\u00a0<\/b><\/p><p>Un acompte de 100% du montant du s\u00e9jour vous est demand\u00e9 \u00e0 la r\u00e9servation, comprenant le paiement du s\u00e9jour, des taxes de s\u00e9jour \u00e9ventuelles, des frais de nettoyage et linge de maison, et des frais de transaction \u00e9ventuels.<\/p><p><b>USAGE DU LOGEMENT<\/b><\/p><p>L\u2019appartement lou\u00e9 ne pourra en aucun cas \u00eatre consid\u00e9r\u00e9 comme votre r\u00e9sidence principale et devra \u00eatre restitu\u00e9 \u00e0\u00a0<span style=\"text-align: var(--text-align);\">ENJOYYOURLIFES<\/span><span style=\"text-align: var(--text-align);\">\u00a0sur simple demande sans d\u00e9lai, apr\u00e8s que la r\u00e9servation soit termin\u00e9e. Il sera disponible de la date de votre arriv\u00e9e \u00e0 17:00 \u00e0 la date de votre d\u00e9part 10:00 (hors extras command\u00e9s).\u00a0\u00a0<\/span><\/p><p>Les biens immobiliers meubl\u00e9s disponibles \u00e0 la location font exclusivement l\u2019objet d\u2019une location saisonni\u00e8re, \u00e0 titre de r\u00e9sidence provisoire et de plaisance du preneur. A ce titre, la pr\u00e9sente location est exclue du champ d\u2019application de la loi n\u00b089-462 du 6 juillet 1989.<\/p><p><b>ACTIVITES ILLEGALES<\/b><\/p><p><span style=\"text-align: var(--text-align);\">ENJOYYOURLIFES<\/span>\u00a0ne pourrait en aucun cas \u00eatre tenus responsables de toute activit\u00e9 ill\u00e9gale exerc\u00e9e dans un de nos logements : prostitution, recel, trafic, vente de stup\u00e9fiants compris. En cas de doute, nous serons contraints d\u2019annuler la r\u00e9servation sans pr\u00e9avis et les forces de l\u2019ordre seraient pr\u00e9venues imm\u00e9diatement et syst\u00e9matiquement.\u00a0<\/p><p>Une retenue de la caution serait \u00e9galement possible \u00e0 titre de d\u00e9dommagement et de gestion de la situation.<\/p><p><b>ANNULATION\u00a0<\/b><\/p><p>En cas d\u2019annulation jusqu\u2019\u00e0 48 heures avant votre arriv\u00e9e, les acomptes vers\u00e9s seront rembours\u00e9s en int\u00e9gralit\u00e9.<\/p><p>En cas de modification, d\u2019annulation tardive (moins de 48 heures avant l\u2019arriv\u00e9e), ou de non pr\u00e9sentation \u00e0 la date pr\u00e9vue d\u2019arriv\u00e9e, la totalit\u00e9 du solde sera due et l\u2019agence pourra \u00e0 nouveau disposer du logement imm\u00e9diatement.<\/p><p><b>LINGE<\/b><strong>\u00a0<\/strong><\/p><p>L\u2019ensemble du linge de maison est fourni : draps, serviettes de toilette, serviettes de table et torchons. Nous fournissons toujours un lit double pour deux adultes.\u00a0<\/p><p>Nous travaillons avec un fournisseur qui nettoie de mani\u00e8re \u00e9cologique et industrielle le linge de maison, avec des produits virucides et dans une politique de respect de l\u2019environnement au c\u0153ur de ses priorit\u00e9s.<\/p><p>Le co\u00fbt du nettoyage et de la fourniture du linge de maison est compris dans les frais de nettoyage en annexe de la r\u00e9servation.<\/p><p><b>M\u00c9NAGE<\/b><strong>\u00a0<\/strong><\/p><p>Le logement devra \u00eatre restitu\u00e9 dans un \u00e9tat convenable, lave vaisselle vide, vaisselle propre et rang\u00e9e, four et micro-onde nettoy\u00e9s, poubelles vid\u00e9es. Si le logement est sale au-del\u00e0 d\u2019une utilisation classique et habituelle, ou que la cuisine n\u2019est pas nettoy\u00e9e \u00e0 votre d\u00e9part, une facturation additionnelle du nettoyage pourra \u00eatre demand\u00e9e et sera due, sur la base de photos, pour couvrir les frais de remise en \u00e9tat exceptionnels.<\/p><p><b>REGLES DIVERSES<\/b><\/p><p>Il est formellement interdit de fumer dans les parties communes et \u00e0 l\u2019int\u00e9rieur des logements. En pr\u00e9sence d\u2019une terrasse ou d\u2019un balcon, il sera tol\u00e9r\u00e9 d\u2019y fumer en veillant \u00e0 ne pas jeter les cigarettes au sol ou chez les voisins, et \u00e0 bien fermer la porte derri\u00e8re vous pour \u00e9viter que des odeurs ne puissent rentrer dans le logement et g\u00eaner d\u2019autres voyageurs par la suite.<\/p><p>Les f\u00eates, et plus g\u00e9n\u00e9ralement toute musique via enceinte ou tout dispositif, sont formellement interdits par respect pour le voisinage. Nous attirons votre attention sur le fait que la plupart des appartements sont situ\u00e9s dans des immeubles \u00e0 usage d\u2019habitation et nous comptons sur la bienveillance et le respect de chacun pour les habitants r\u00e9sidents.\u00a0<\/p><p><span style=\"text-align: var(--text-align);\">ENJOYYOURLIFES<\/span>\u00a0se r\u00e9serve le droit, en cas de manquement grave \u00e0 ces principes de bonne vie en communaut\u00e9, et non respect de ces r\u00e8gles, d\u2019entra\u00eener unilat\u00e9ralement l\u2019annulation de la r\u00e9servation et d\u2019envisager une expulsion sans d\u00e9lai.<\/p><p><b>R\u00c9SEAUX INTERNET \/ WI-FI\u00a0<\/b><\/p><p>L\u2019acc\u00e8s au r\u00e9seau internet \/ Wi-Fi est inclus dans la location et sans frais suppl\u00e9mentaires, avec un acc\u00e8s haut d\u00e9bit contr\u00f4l\u00e9 et v\u00e9rifi\u00e9 par nos soins.<\/p><p><b>ARTICLE OUBLI\u00c9<\/b><\/p><p>En cas d\u2019oubli d\u2019un article personnel dans le logement apr\u00e8s le s\u00e9jour, nous sommes en capacit\u00e9 de vous renvoyer le produit moyennant des frais de 30 euros.<\/p><p><b>RESPONSABILIT\u00c9 DE\u00a0ENJOYYOURLIFES<\/b><\/p><p>En cas de force majeure rendant l\u2019utilisation ou la jouissance du logement impossible, comme un d\u00e9g\u00e2t des eaux par exemple, nous mettrons tout en \u0153uvre pour vous attribuer, avec votre accord pr\u00e9alable, un autre logement dot\u00e9 de caract\u00e9ristiques similaires ou sup\u00e9rieures.\u00a0<\/p><p>Si le nouveau logement propos\u00e9 ne vous conviendrait pas, et sans avoir \u00e0 vous justifier, nous rembourserons alors int\u00e9gralement le s\u00e9jour avec toutes nos plus plates excuses.<\/p><p>Au plaisir de vous accueillir.<\/p><p>L\u2019\u00e9quipe ENJOYYOURLIFES.<\/p>\t\t\t\t\t\t\t\t<\/div>\n\t\t\t\t<\/div>\n\t\t\t\t<\/div>\n\t\t<div class=\"elementor-element elementor-element-5a2eba3 e-con-full e-flex e-con e-child\" data-id=\"5a2eba3\" data-element_type=\"container\" data-e-type=\"container\">\n\t\t\t\t<div class=\"elementor-element elementor-element-4c2c8c5 show-form-button elementor-widget elementor-widget-button\" data-id=\"4c2c8c5\" data-element_type=\"widget\" data-e-type=\"widget\" id=\"bookingform\" data-widget_type=\"button.default\">\n\t\t\t\t<div class=\"elementor-widget-container\">\n\t\t\t\t\t\t\t\t\t<div class=\"elementor-button-wrapper\">\n\t\t\t\t\t<a class=\"elementor-button elementor-size-sm\" role=\"button\">\n\t\t\t\t\t\t<span class=\"elementor-button-content-wrapper\">\n\t\t\t\t\t\t\t\t\t<span class=\"elementor-button-text\">R\u00e9server un s\u00e9jour<\/span>\n\t\t\t\t\t<\/span>\n\t\t\t\t\t<\/a>\n\t\t\t\t<\/div>\n\t\t\t\t\t\t\t\t<\/div>\n\t\t\t\t<\/div>\n\t\t\t\t<div class=\"elementor-element elementor-element-4d84bca elementor-widget__width-initial elementor-button-align-center hidden-form elementor-widget elementor-widget-form\" data-id=\"4d84bca\" data-element_type=\"widget\" data-e-type=\"widget\" data-settings=\"{&quot;step_next_label&quot;:&quot;Suivant&quot;,&quot;step_previous_label&quot;:&quot;Pr\\u00e9c\\u00e9dent&quot;,&quot;step_type&quot;:&quot;number_text&quot;,&quot;step_icon_shape&quot;:&quot;circle&quot;}\" hidden-form=\"\" display=\"\" data-widget_type=\"form.default\">\n\t\t\t\t<div class=\"elementor-widget-container\">\n\t\t\t\t\t\t\t<form class=\"elementor-form\" method=\"post\" name=\"Formulaire r\u00e9servation\" aria-label=\"Formulaire r\u00e9servation\">\n\t\t\t<input type=\"hidden\" name=\"post_id\" value=\"672\"\/>\n\t\t\t<input type=\"hidden\" name=\"form_id\" value=\"4d84bca\"\/>\n\t\t\t<input type=\"hidden\" name=\"referer_title\" value=\"ENJOYYOURLIFES | Conditions g\u00e9n\u00e9rales\" \/>\n\n\t\t\t\t\t\t\t<input type=\"hidden\" name=\"queried_id\" value=\"672\"\/>\n\t\t\t\n\t\t\t<div class=\"elementor-form-fields-wrapper elementor-labels-above\">\n\t\t\t\t\t\t\t\t<div class=\"elementor-field-type-select elementor-field-group elementor-column elementor-field-group-ville elementor-col-20 elementor-field-required\">\n\t\t\t\t\t\t\t\t\t\t\t\t<label for=\"form-field-ville\" class=\"elementor-field-label\">\n\t\t\t\t\t\t\t\tO\u00f9 souhaitez-vous s\u00e9journer ?\t\t\t\t\t\t\t<\/label>\n\t\t\t\t\t\t\t\t<div class=\"elementor-field elementor-select-wrapper remove-before \">\n\t\t\t<div class=\"select-caret-down-wrapper\">\n\t\t\t\t<svg aria-hidden=\"true\" class=\"e-font-icon-svg e-eicon-caret-down\" viewBox=\"0 0 571.4 571.4\" xmlns=\"http:\/\/www.w3.org\/2000\/svg\"><path d=\"M571 393Q571 407 561 418L311 668Q300 679 286 679T261 668L11 418Q0 407 0 393T11 368 36 357H536Q550 357 561 368T571 393Z\"><\/path><\/svg>\t\t\t<\/div>\n\t\t\t<select name=\"form_fields[ville]\" id=\"form-field-ville\" class=\"elementor-field-textual elementor-size-md\" required=\"required\">\n\t\t\t\t\t\t\t\t\t<option value=\"AMIENS\">AMIENS<\/option>\n\t\t\t\t\t\t\t\t\t<option value=\"EVREUX\">EVREUX<\/option>\n\t\t\t\t\t\t\t<\/select>\n\t\t<\/div>\n\t\t\t\t\t\t<\/div>\n\t\t\t\t\t\t\t\t<div class=\"elementor-field-type-date elementor-field-group elementor-column elementor-field-group-checkin elementor-col-20 elementor-sm-50 elementor-field-required\">\n\t\t\t\t\t\t\t\t\t\t\t\t<label for=\"form-field-checkin\" class=\"elementor-field-label\">\n\t\t\t\t\t\t\t\tArriv\u00e9e\t\t\t\t\t\t\t<\/label>\n\t\t\t\t\t\t\n\t\t<input type=\"date\" name=\"form_fields[checkin]\" id=\"form-field-checkin\" class=\"elementor-field elementor-size-md  elementor-field-textual elementor-date-field elementor-use-native\" placeholder=\"Date d&#039;arriv\u00e9e\" required=\"required\" pattern=\"[0-9]{4}-[0-9]{2}-[0-9]{2}\">\n\t\t\t\t\t\t<\/div>\n\t\t\t\t\t\t\t\t<div class=\"elementor-field-type-date elementor-field-group elementor-column elementor-field-group-checkout elementor-col-20 elementor-sm-50 elementor-field-required\">\n\t\t\t\t\t\t\t\t\t\t\t\t<label for=\"form-field-checkout\" class=\"elementor-field-label\">\n\t\t\t\t\t\t\t\tD\u00e9part\t\t\t\t\t\t\t<\/label>\n\t\t\t\t\t\t\n\t\t<input type=\"date\" name=\"form_fields[checkout]\" id=\"form-field-checkout\" class=\"elementor-field elementor-size-md  elementor-field-textual elementor-date-field elementor-use-native\" placeholder=\"Date de d\u00e9part\" required=\"required\" pattern=\"[0-9]{4}-[0-9]{2}-[0-9]{2}\">\n\t\t\t\t\t\t<\/div>\n\t\t\t\t\t\t\t\t<div class=\"elementor-field-type-select elementor-field-group elementor-column elementor-field-group-adultes elementor-col-20 elementor-sm-50 elementor-field-required\">\n\t\t\t\t\t\t\t\t\t\t\t\t<label for=\"form-field-adultes\" class=\"elementor-field-label\">\n\t\t\t\t\t\t\t\tAdultes\t\t\t\t\t\t\t<\/label>\n\t\t\t\t\t\t\t\t<div class=\"elementor-field elementor-select-wrapper remove-before \">\n\t\t\t<div class=\"select-caret-down-wrapper\">\n\t\t\t\t<svg aria-hidden=\"true\" class=\"e-font-icon-svg e-eicon-caret-down\" viewBox=\"0 0 571.4 571.4\" xmlns=\"http:\/\/www.w3.org\/2000\/svg\"><path d=\"M571 393Q571 407 561 418L311 668Q300 679 286 679T261 668L11 418Q0 407 0 393T11 368 36 357H536Q550 357 561 368T571 393Z\"><\/path><\/svg>\t\t\t<\/div>\n\t\t\t<select name=\"form_fields[adultes]\" id=\"form-field-adultes\" class=\"elementor-field-textual elementor-size-md\" required=\"required\">\n\t\t\t\t\t\t\t\t\t<option value=\"1\" selected=\"selected\">1<\/option>\n\t\t\t\t\t\t\t\t\t<option value=\"2\">2<\/option>\n\t\t\t\t\t\t\t\t\t<option value=\"3\">3<\/option>\n\t\t\t\t\t\t\t\t\t<option value=\"4\">4<\/option>\n\t\t\t\t\t\t\t\t\t<option value=\"5\">5<\/option>\n\t\t\t\t\t\t\t\t\t<option value=\"6\">6<\/option>\n\t\t\t\t\t\t\t\t\t<option value=\"7\">7<\/option>\n\t\t\t\t\t\t\t\t\t<option value=\"8\">8<\/option>\n\t\t\t\t\t\t\t\t\t<option value=\"9\">9<\/option>\n\t\t\t\t\t\t\t\t\t<option value=\"10\">10<\/option>\n\t\t\t\t\t\t\t<\/select>\n\t\t<\/div>\n\t\t\t\t\t\t<\/div>\n\t\t\t\t\t\t\t\t<div class=\"elementor-field-type-select elementor-field-group elementor-column elementor-field-group-enfants elementor-col-20 elementor-sm-50 elementor-field-required\">\n\t\t\t\t\t\t\t\t\t\t\t\t<label for=\"form-field-enfants\" class=\"elementor-field-label\">\n\t\t\t\t\t\t\t\tEnfants\t\t\t\t\t\t\t<\/label>\n\t\t\t\t\t\t\t\t<div class=\"elementor-field elementor-select-wrapper remove-before \">\n\t\t\t<div class=\"select-caret-down-wrapper\">\n\t\t\t\t<svg aria-hidden=\"true\" class=\"e-font-icon-svg e-eicon-caret-down\" viewBox=\"0 0 571.4 571.4\" xmlns=\"http:\/\/www.w3.org\/2000\/svg\"><path d=\"M571 393Q571 407 561 418L311 668Q300 679 286 679T261 668L11 418Q0 407 0 393T11 368 36 357H536Q550 357 561 368T571 393Z\"><\/path><\/svg>\t\t\t<\/div>\n\t\t\t<select name=\"form_fields[enfants]\" id=\"form-field-enfants\" class=\"elementor-field-textual elementor-size-md\" required=\"required\">\n\t\t\t\t\t\t\t\t\t<option value=\"0\">0<\/option>\n\t\t\t\t\t\t\t\t\t<option value=\"1\">1<\/option>\n\t\t\t\t\t\t\t\t\t<option value=\"2\">2<\/option>\n\t\t\t\t\t\t\t\t\t<option value=\"3\">3<\/option>\n\t\t\t\t\t\t\t\t\t<option value=\"4\">4<\/option>\n\t\t\t\t\t\t\t\t\t<option value=\"5\">5<\/option>\n\t\t\t\t\t\t\t\t\t<option value=\"6\">6<\/option>\n\t\t\t\t\t\t\t\t\t<option value=\"7\">7<\/option>\n\t\t\t\t\t\t\t\t\t<option value=\"8\">8<\/option>\n\t\t\t\t\t\t\t\t\t<option value=\"9\">9<\/option>\n\t\t\t\t\t\t\t<\/select>\n\t\t<\/div>\n\t\t\t\t\t\t<\/div>\n\t\t\t\t\t\t\t\t<div class=\"elementor-field-group elementor-column elementor-field-type-submit elementor-col-100 e-form__buttons\">\n\t\t\t\t\t<button class=\"elementor-button elementor-size-md\" type=\"submit\">\n\t\t\t\t\t\t<span class=\"elementor-button-content-wrapper\">\n\t\t\t\t\t\t\t\t\t\t\t\t\t\t\t\t\t\t\t\t\t\t<span class=\"elementor-button-text\">VOIR LES DISPONIBILIT\u00c9S<\/span>\n\t\t\t\t\t\t\t\t\t\t\t\t\t<\/span>\n\t\t\t\t\t<\/button>\n\t\t\t\t<\/div>\n\t\t\t<\/div>\n\t\t<\/form>\n\t\t\t\t\t\t<\/div>\n\t\t\t\t<\/div>\n\t\t\t\t<\/div>\n\t\t\t\t<\/div>\n\t\t","protected":false},"excerpt":{"rendered":"<p>Conditions g\u00e9n\u00e9rales et r\u00e8glement Date de derni\u00e8re mise \u00e0 jour 08\/07\/2024 CONDITIONS GENERALES DE LOCATION ET ANNULATION ENJOYYOURLIFES applique les pr\u00e9sentes conditions g\u00e9n\u00e9rales \u00e0 l\u2019ensemble de ses logements et r\u00e9servations. Chaque logement b\u00e9n\u00e9ficie d\u2019un nettoyage standard, de lits faits \u00e0 votre arriv\u00e9e, et de la fourniture de linge de maison et de bain de qualit\u00e9 [&hellip;]<\/p>\n","protected":false},"author":4,"featured_media":4339,"parent":0,"menu_order":0,"comment_status":"closed","ping_status":"closed","template":"","meta":{"footnotes":""},"class_list":["post-672","page","type-page","status-publish","has-post-thumbnail","hentry"],"_links":{"self":[{"href":"https:\/\/enjoyyourlifes.fr\/en\/wp-json\/wp\/v2\/pages\/672","targetHints":{"allow":["GET"]}}],"collection":[{"href":"https:\/\/enjoyyourlifes.fr\/en\/wp-json\/wp\/v2\/pages"}],"about":[{"href":"https:\/\/enjoyyourlifes.fr\/en\/wp-json\/wp\/v2\/types\/page"}],"author":[{"embeddable":true,"href":"https:\/\/enjoyyourlifes.fr\/en\/wp-json\/wp\/v2\/users\/4"}],"replies":[{"embeddable":true,"href":"https:\/\/enjoyyourlifes.fr\/en\/wp-json\/wp\/v2\/comments?post=672"}],"version-history":[{"count":0,"href":"https:\/\/enjoyyourlifes.fr\/en\/wp-json\/wp\/v2\/pages\/672\/revisions"}],"wp:featuredmedia":[{"embeddable":true,"href":"https:\/\/enjoyyourlifes.fr\/en\/wp-json\/wp\/v2\/media\/4339"}],"wp:attachment":[{"href":"https:\/\/enjoyyourlifes.fr\/en\/wp-json\/wp\/v2\/media?parent=672"}],"curies":[{"name":"wp","href":"https:\/\/api.w.org\/{rel}","templated":true}]}}