{"id":665,"date":"2022-03-10T16:56:28","date_gmt":"2022-03-10T15:56:28","guid":{"rendered":"http:\/\/enjoyyourlifes.fr\/?page_id=665"},"modified":"2025-07-26T21:27:03","modified_gmt":"2025-07-26T20:27:03","slug":"mentions-legales","status":"publish","type":"page","link":"https:\/\/enjoyyourlifes.fr\/en\/mentions-legales\/","title":{"rendered":"Legal notices"},"content":{"rendered":"\t\t<div data-elementor-type=\"wp-page\" data-elementor-id=\"665\" class=\"elementor elementor-665\" data-elementor-post-type=\"page\">\n\t\t\t\t<div class=\"elementor-element elementor-element-4a5e352 e-flex e-con-boxed e-con e-parent\" data-id=\"4a5e352\" data-element_type=\"container\" data-e-type=\"container\" data-settings=\"{&quot;background_background&quot;:&quot;classic&quot;}\">\n\t\t\t\t\t<div class=\"e-con-inner\">\n\t\t\t\t<div class=\"elementor-element elementor-element-353284f elementor-widget elementor-widget-spacer\" data-id=\"353284f\" data-element_type=\"widget\" data-e-type=\"widget\" data-widget_type=\"spacer.default\">\n\t\t\t\t<div class=\"elementor-widget-container\">\n\t\t\t\t\t\t\t<div class=\"elementor-spacer\">\n\t\t\t<div class=\"elementor-spacer-inner\"><\/div>\n\t\t<\/div>\n\t\t\t\t\t\t<\/div>\n\t\t\t\t<\/div>\n\t\t\t\t\t<\/div>\n\t\t\t\t<\/div>\n\t\t<div class=\"elementor-element elementor-element-ed1296d e-con-full e-flex e-con e-parent\" data-id=\"ed1296d\" data-element_type=\"container\" data-e-type=\"container\">\n\t\t\t\t<div class=\"elementor-element elementor-element-5808be9 elementor-widget__width-initial elementor-widget elementor-widget-image-box\" data-id=\"5808be9\" data-element_type=\"widget\" data-e-type=\"widget\" data-widget_type=\"image-box.default\">\n\t\t\t\t<div class=\"elementor-widget-container\">\n\t\t\t\t\t<div class=\"elementor-image-box-wrapper\"><div class=\"elementor-image-box-content\"><h3 class=\"elementor-image-box-title\">Mentions l\u00e9gales<\/h3><\/div><\/div>\t\t\t\t<\/div>\n\t\t\t\t<\/div>\n\t\t\t\t<div class=\"elementor-element elementor-element-0b20047 elementor-widget__width-initial elementor-widget elementor-widget-text-editor\" data-id=\"0b20047\" data-element_type=\"widget\" data-e-type=\"widget\" data-widget_type=\"text-editor.default\">\n\t\t\t\t<div class=\"elementor-widget-container\">\n\t\t\t\t\t\t\t\t\t<p>Conform\u00e9ment aux dispositions des Articles 6-III et 19 de la Loi n\u00b02004-575 du 21&nbsp;<span style=\"text-align: var(--text-align);\">juin 2004 pour la Confiance dans l\u2019\u00e9conomie num\u00e9rique, dite L.C.E.N., il est port\u00e9 \u00e0 la&nbsp;<\/span><span style=\"text-align: var(--text-align);\">connaissance des utilisateurs et visiteurs du site enjoyyourlifes.fr les&nbsp;<\/span><span style=\"text-align: var(--text-align);\">pr\u00e9sentes mentions l\u00e9gales.<\/span><\/p>\n<p>Le site enjoyyourlifes.fr&nbsp;est accessible \u00e0 l\u2019adresse suivante :<\/p>\n<p><span style=\"text-align: var(--text-align);\">enjoyyourlifes.fr<\/span>&nbsp;(ci-apr\u00e8s \u00ab le Site \u00bb). L\u2019acc\u00e8s et l\u2019utilisation du Site sont&nbsp;<span style=\"text-align: var(--text-align);\">soumis aux pr\u00e9sentes \u00bb Mentions l\u00e9gales \u00bb d\u00e9taill\u00e9es ci-apr\u00e8s ainsi qu\u2019aux lois&nbsp;<\/span><span style=\"text-align: var(--text-align);\">et\/ou r\u00e8glements applicables.&nbsp;<\/span><span style=\"text-align: var(--text-align);\">La connexion, l\u2019utilisation et l\u2019acc\u00e8s \u00e0 ce Site impliquent l\u2019acceptation int\u00e9grale et&nbsp;<\/span><span style=\"text-align: var(--text-align);\">sans r\u00e9serve de l\u2019internaute de toutes les dispositions des pr\u00e9sentes Mentions&nbsp;<\/span><span style=\"text-align: var(--text-align);\">L\u00e9gales.<\/span><\/p>\n<p><b><span style=\"text-align: var(--text-align);\">ARTICLE 1 \u2013 INFORMATIONS L\u00c9GALES<\/span><br><\/b><\/p>\n<p>En vertu de l\u2019Article 6 de la Loi n\u00b0 2004-575 du 21 juin 2004 pour la confiance dans&nbsp;<span style=\"text-align: var(--text-align);\">l\u2019\u00e9conomie num\u00e9rique, il est pr\u00e9cis\u00e9 dans cet article l\u2019identit\u00e9 des diff\u00e9rents&nbsp;<\/span><span style=\"text-align: var(--text-align);\">intervenants dans le cadre de sa r\u00e9alisation et de son suivi.<\/span><\/p>\n<p>Le site enjoyyourlifes.fr&nbsp;est \u00e9dit\u00e9 par :<\/p>\n<p>MEDIAFANS<br>Site-web : <a href=\"https:\/\/mediafans.fr\" target=\"_blank\" rel=\"noopener\"><u>https:\/\/mediafans.fr<\/u><\/a><br><span style=\"text-align: var(--text-align);\">Adresse e-mail : contact@mediafans.fr<br><\/span><span style=\"text-align: var(--text-align);\"><br>ci apr\u00e8s \u00bb l\u2019\u00c9diteur \u00bb<\/span><\/p>\n<p>Le Directeur de publication est :<\/p>\n<p>M. S\u00e9bastien Courtier<br>T\u00e9l\u00e9phone : (+33) 616995869<br><span style=\"text-align: var(--text-align);\">Adresse e-mail : sebastien.immomillion@gmail.com<br><\/span><span style=\"text-align: var(--text-align);\">Ci apr\u00e8s \u00bb le Directeur de publication \u00bb.<\/span><\/p>\n<p>Le site&nbsp;enjoyyourlifes.fr est h\u00e9berg\u00e9 par :<\/p>\n<p>OVH<br><span style=\"text-align: var(--text-align);\">dont le si\u00e8ge est situ\u00e9 \u00e0 l\u2019adresse suivante : 2 Rue Kellermann, 59100 Roubaix<br><\/span><span style=\"text-align: var(--text-align);\">T\u00e9l\u00e9phone : 09 72 10 10 07<br><\/span><span style=\"text-align: var(--text-align);\">Adresse e-mail : contact@ovh.com<br><\/span><span style=\"text-align: var(--text-align);\"><br>Ci apr\u00e8s \u00bb l\u2019H\u00e9bergeur \u00bb<\/span><\/p>\n<p>Sont consid\u00e9r\u00e9s comme utilisateurs tout les internautes qui naviguent, lisent,&nbsp;<span style=\"text-align: var(--text-align);\">visionnent et utilisent le site enjoyyourlifes.fr.<br><\/span><span style=\"text-align: var(--text-align);\">ci apr\u00e8s les \u00bb Utilisateurs \u00bb.<\/span><\/p>\n<p><b>ARTICLE 2 \u2013 ACCESSIBILIT\u00c9<\/b><\/p>\n<p>Le Site est par principe accessible aux utilisateurs 24\/24h et 7\/7j, sauf interruption,&nbsp;<span style=\"text-align: var(--text-align);\">programm\u00e9e ou non, pour des besoins de maintenance ou en cas de force majeure.<\/span><\/p>\n<p>En cas d\u2019impossibilit\u00e9 d\u2019acc\u00e8s au Site, celui-ci s\u2019engage \u00e0 faire son maximum afin&nbsp;<span style=\"text-align: var(--text-align);\">d\u2019en r\u00e9tablir l\u2019acc\u00e8s. Le Site ne saurait \u00eatre tenu pour responsable de tout dommage,&nbsp;<\/span><span style=\"text-align: var(--text-align);\">quelle qu\u2019en soit la nature, r\u00e9sultant de son indisponibilit\u00e9.<\/span><\/p>\n<p><b>ARTICLE 3 \u2013 COLLECTE DE DONN\u00c9ES ET LOI INFORMATIQUE ET LIBERT\u00c9S<\/b><\/p>\n<p>Le site enjoyyourlifes.fr est exempt\u00e9 de d\u00e9claration \u00e0 la Commission&nbsp;<span style=\"text-align: var(--text-align);\">Nationale Informatique et Libert\u00e9s (CNIL) dans la mesure o\u00f9 il ne collecte aucune&nbsp;<\/span><span style=\"text-align: var(--text-align);\">donn\u00e9e des Utilisateurs.<\/span><\/p>\n<p><b>ARTICLE 4 \u2013 POLITIQUE DE COOKIES<\/b><\/p>\n<p>Le site enjoyyourlifes.fr a \u00e9ventuellement recours aux techniques de \u00ab&nbsp;<span style=\"text-align: var(--text-align);\">cookies \u00bb lui permettant de traiter des statistiques et des informations sur le trafic,&nbsp;<\/span><span style=\"text-align: var(--text-align);\">de faciliter la navigation et d\u2019am\u00e9liorer le service pour le confort de l\u2019Utilisateur.<\/span><\/p>\n<p>Conform\u00e9ment \u00e0 la l\u00e9gislation europ\u00e9enne, le site enjoyyourlifes.fr&nbsp;a mis \u00e0&nbsp;<span style=\"text-align: var(--text-align);\">jour sa politique de confidentialit\u00e9 en mati\u00e8re de cookies. L\u2019Utilisateur est libre&nbsp;<\/span><span style=\"text-align: var(--text-align);\">d\u2019accepter ou de refuser les cookies de tous les sites internet en modifiant les&nbsp;<\/span><span style=\"text-align: var(--text-align);\">param\u00e8tres de son navigateur internet.<\/span><\/p>\n<p><b>ARTICLE 5 \u2013 LOI APPLICABLE ET JURIDICTION<\/b><\/p>\n<p>Les pr\u00e9sentes Mentions L\u00e9gales sont r\u00e9gies par la loi fran\u00e7aise. En cas de diff\u00e9rend et&nbsp;<span style=\"text-align: var(--text-align);\">\u00e0 d\u00e9faut d\u2019accord amiable, le litige sera port\u00e9 devant les tribunaux fran\u00e7ais&nbsp;<\/span><span style=\"text-align: var(--text-align);\">conform\u00e9ment aux r\u00e8gles de comp\u00e9tence en vigueur.<\/span><\/p>\n<p><b>ARTICLE 6 \u2013 CONTACT<\/b><\/p>\n<p>Pour tout signalement de contenus ou d\u2019activit\u00e9s illicites, l\u2019Utilisateur peut contacter&nbsp;<span style=\"text-align: var(--text-align);\">l\u2019\u00c9diteur \u00e0 l\u2019adresse suivante :&nbsp;<\/span>sebastien.immomillion@gmail.com<span style=\"text-align: var(--text-align);\">, ou par courrier&nbsp;<\/span><span style=\"text-align: var(--text-align);\">recommand\u00e9 avec accus\u00e9 de r\u00e9ception adress\u00e9 \u00e0 l\u2019\u00c9diteur aux coordonn\u00e9es pr\u00e9cis\u00e9es <\/span><span style=\"text-align: var(--text-align);\">dans les pr\u00e9sentes mentions l\u00e9gales. Le site enjoyyourlifes.fr vous <\/span><span style=\"text-align: var(--text-align);\">souhaite une excellente navigation !<\/span><\/p>\t\t\t\t\t\t\t\t<\/div>\n\t\t\t\t<\/div>\n\t\t\t\t<\/div>\n\t\t<div class=\"elementor-element elementor-element-59ec047 e-con-full e-flex e-con e-child\" data-id=\"59ec047\" data-element_type=\"container\" data-e-type=\"container\">\n\t\t\t\t<div class=\"elementor-element elementor-element-c9d1e3a show-form-button elementor-widget elementor-widget-button\" data-id=\"c9d1e3a\" data-element_type=\"widget\" data-e-type=\"widget\" data-widget_type=\"button.default\">\n\t\t\t\t<div class=\"elementor-widget-container\">\n\t\t\t\t\t\t\t\t\t<div class=\"elementor-button-wrapper\">\n\t\t\t\t\t<a class=\"elementor-button elementor-size-sm\" role=\"button\">\n\t\t\t\t\t\t<span class=\"elementor-button-content-wrapper\">\n\t\t\t\t\t\t\t\t\t<span class=\"elementor-button-text\">R\u00e9server un s\u00e9jour<\/span>\n\t\t\t\t\t<\/span>\n\t\t\t\t\t<\/a>\n\t\t\t\t<\/div>\n\t\t\t\t\t\t\t\t<\/div>\n\t\t\t\t<\/div>\n\t\t\t\t<div class=\"elementor-element elementor-element-2ff9597 elementor-widget__width-initial elementor-button-align-center hidden-form elementor-widget elementor-widget-form\" data-id=\"2ff9597\" data-element_type=\"widget\" data-e-type=\"widget\" id=\"bookingform\" data-settings=\"{&quot;step_next_label&quot;:&quot;Suivant&quot;,&quot;step_previous_label&quot;:&quot;Pr\\u00e9c\\u00e9dent&quot;,&quot;step_type&quot;:&quot;number_text&quot;,&quot;step_icon_shape&quot;:&quot;circle&quot;}\" hidden-form=\"\" display=\"\" data-widget_type=\"form.default\">\n\t\t\t\t<div class=\"elementor-widget-container\">\n\t\t\t\t\t\t\t<form class=\"elementor-form\" method=\"post\" name=\"Formulaire r\u00e9servation\" aria-label=\"Formulaire r\u00e9servation\">\n\t\t\t<input type=\"hidden\" name=\"post_id\" value=\"665\"\/>\n\t\t\t<input type=\"hidden\" name=\"form_id\" value=\"2ff9597\"\/>\n\t\t\t<input type=\"hidden\" name=\"referer_title\" value=\"ENJOYYOURLIFES | Mentions l\u00e9gales\" \/>\n\n\t\t\t\t\t\t\t<input type=\"hidden\" name=\"queried_id\" value=\"665\"\/>\n\t\t\t\n\t\t\t<div class=\"elementor-form-fields-wrapper elementor-labels-above\">\n\t\t\t\t\t\t\t\t<div class=\"elementor-field-type-select elementor-field-group elementor-column elementor-field-group-ville elementor-col-20 elementor-field-required\">\n\t\t\t\t\t\t\t\t\t\t\t\t<label for=\"form-field-ville\" class=\"elementor-field-label\">\n\t\t\t\t\t\t\t\tO\u00f9 souhaitez-vous s\u00e9journer ?\t\t\t\t\t\t\t<\/label>\n\t\t\t\t\t\t\t\t<div class=\"elementor-field elementor-select-wrapper remove-before \">\n\t\t\t<div class=\"select-caret-down-wrapper\">\n\t\t\t\t<svg aria-hidden=\"true\" class=\"e-font-icon-svg e-eicon-caret-down\" viewBox=\"0 0 571.4 571.4\" xmlns=\"http:\/\/www.w3.org\/2000\/svg\"><path d=\"M571 393Q571 407 561 418L311 668Q300 679 286 679T261 668L11 418Q0 407 0 393T11 368 36 357H536Q550 357 561 368T571 393Z\"><\/path><\/svg>\t\t\t<\/div>\n\t\t\t<select name=\"form_fields[ville]\" id=\"form-field-ville\" class=\"elementor-field-textual elementor-size-md\" required=\"required\">\n\t\t\t\t\t\t\t\t\t<option value=\"AMIENS\">AMIENS<\/option>\n\t\t\t\t\t\t\t\t\t<option value=\"EVREUX\">EVREUX<\/option>\n\t\t\t\t\t\t\t<\/select>\n\t\t<\/div>\n\t\t\t\t\t\t<\/div>\n\t\t\t\t\t\t\t\t<div class=\"elementor-field-type-date elementor-field-group elementor-column elementor-field-group-checkin elementor-col-20 elementor-sm-50 elementor-field-required\">\n\t\t\t\t\t\t\t\t\t\t\t\t<label for=\"form-field-checkin\" class=\"elementor-field-label\">\n\t\t\t\t\t\t\t\tArriv\u00e9e\t\t\t\t\t\t\t<\/label>\n\t\t\t\t\t\t\n\t\t<input type=\"date\" name=\"form_fields[checkin]\" id=\"form-field-checkin\" class=\"elementor-field elementor-size-md  elementor-field-textual elementor-date-field elementor-use-native\" placeholder=\"Date d&#039;arriv\u00e9e\" required=\"required\" pattern=\"[0-9]{4}-[0-9]{2}-[0-9]{2}\">\n\t\t\t\t\t\t<\/div>\n\t\t\t\t\t\t\t\t<div class=\"elementor-field-type-date elementor-field-group elementor-column elementor-field-group-checkout elementor-col-20 elementor-sm-50 elementor-field-required\">\n\t\t\t\t\t\t\t\t\t\t\t\t<label for=\"form-field-checkout\" class=\"elementor-field-label\">\n\t\t\t\t\t\t\t\tD\u00e9part\t\t\t\t\t\t\t<\/label>\n\t\t\t\t\t\t\n\t\t<input type=\"date\" name=\"form_fields[checkout]\" id=\"form-field-checkout\" class=\"elementor-field elementor-size-md  elementor-field-textual elementor-date-field elementor-use-native\" placeholder=\"Date de d\u00e9part\" required=\"required\" pattern=\"[0-9]{4}-[0-9]{2}-[0-9]{2}\">\n\t\t\t\t\t\t<\/div>\n\t\t\t\t\t\t\t\t<div class=\"elementor-field-type-select elementor-field-group elementor-column elementor-field-group-adultes elementor-col-20 elementor-sm-50 elementor-field-required\">\n\t\t\t\t\t\t\t\t\t\t\t\t<label for=\"form-field-adultes\" class=\"elementor-field-label\">\n\t\t\t\t\t\t\t\tAdultes\t\t\t\t\t\t\t<\/label>\n\t\t\t\t\t\t\t\t<div class=\"elementor-field elementor-select-wrapper remove-before \">\n\t\t\t<div class=\"select-caret-down-wrapper\">\n\t\t\t\t<svg aria-hidden=\"true\" class=\"e-font-icon-svg e-eicon-caret-down\" viewBox=\"0 0 571.4 571.4\" xmlns=\"http:\/\/www.w3.org\/2000\/svg\"><path d=\"M571 393Q571 407 561 418L311 668Q300 679 286 679T261 668L11 418Q0 407 0 393T11 368 36 357H536Q550 357 561 368T571 393Z\"><\/path><\/svg>\t\t\t<\/div>\n\t\t\t<select name=\"form_fields[adultes]\" id=\"form-field-adultes\" class=\"elementor-field-textual elementor-size-md\" required=\"required\">\n\t\t\t\t\t\t\t\t\t<option value=\"1\" selected=\"selected\">1<\/option>\n\t\t\t\t\t\t\t\t\t<option value=\"2\">2<\/option>\n\t\t\t\t\t\t\t\t\t<option value=\"3\">3<\/option>\n\t\t\t\t\t\t\t\t\t<option value=\"4\">4<\/option>\n\t\t\t\t\t\t\t\t\t<option value=\"5\">5<\/option>\n\t\t\t\t\t\t\t\t\t<option value=\"6\">6<\/option>\n\t\t\t\t\t\t\t\t\t<option value=\"7\">7<\/option>\n\t\t\t\t\t\t\t\t\t<option value=\"8\">8<\/option>\n\t\t\t\t\t\t\t\t\t<option value=\"9\">9<\/option>\n\t\t\t\t\t\t\t\t\t<option value=\"10\">10<\/option>\n\t\t\t\t\t\t\t<\/select>\n\t\t<\/div>\n\t\t\t\t\t\t<\/div>\n\t\t\t\t\t\t\t\t<div class=\"elementor-field-type-select elementor-field-group elementor-column elementor-field-group-enfants elementor-col-20 elementor-sm-50 elementor-field-required\">\n\t\t\t\t\t\t\t\t\t\t\t\t<label for=\"form-field-enfants\" class=\"elementor-field-label\">\n\t\t\t\t\t\t\t\tEnfants\t\t\t\t\t\t\t<\/label>\n\t\t\t\t\t\t\t\t<div class=\"elementor-field elementor-select-wrapper remove-before \">\n\t\t\t<div class=\"select-caret-down-wrapper\">\n\t\t\t\t<svg aria-hidden=\"true\" class=\"e-font-icon-svg e-eicon-caret-down\" viewBox=\"0 0 571.4 571.4\" xmlns=\"http:\/\/www.w3.org\/2000\/svg\"><path d=\"M571 393Q571 407 561 418L311 668Q300 679 286 679T261 668L11 418Q0 407 0 393T11 368 36 357H536Q550 357 561 368T571 393Z\"><\/path><\/svg>\t\t\t<\/div>\n\t\t\t<select name=\"form_fields[enfants]\" id=\"form-field-enfants\" class=\"elementor-field-textual elementor-size-md\" required=\"required\">\n\t\t\t\t\t\t\t\t\t<option value=\"0\">0<\/option>\n\t\t\t\t\t\t\t\t\t<option value=\"1\">1<\/option>\n\t\t\t\t\t\t\t\t\t<option value=\"2\">2<\/option>\n\t\t\t\t\t\t\t\t\t<option value=\"3\">3<\/option>\n\t\t\t\t\t\t\t\t\t<option value=\"4\">4<\/option>\n\t\t\t\t\t\t\t\t\t<option value=\"5\">5<\/option>\n\t\t\t\t\t\t\t\t\t<option value=\"6\">6<\/option>\n\t\t\t\t\t\t\t\t\t<option value=\"7\">7<\/option>\n\t\t\t\t\t\t\t\t\t<option value=\"8\">8<\/option>\n\t\t\t\t\t\t\t\t\t<option value=\"9\">9<\/option>\n\t\t\t\t\t\t\t<\/select>\n\t\t<\/div>\n\t\t\t\t\t\t<\/div>\n\t\t\t\t\t\t\t\t<div class=\"elementor-field-group elementor-column elementor-field-type-submit elementor-col-100 e-form__buttons\">\n\t\t\t\t\t<button class=\"elementor-button elementor-size-md\" type=\"submit\">\n\t\t\t\t\t\t<span class=\"elementor-button-content-wrapper\">\n\t\t\t\t\t\t\t\t\t\t\t\t\t\t\t\t\t\t\t\t\t\t<span class=\"elementor-button-text\">VOIR LES DISPONIBILIT\u00c9S<\/span>\n\t\t\t\t\t\t\t\t\t\t\t\t\t<\/span>\n\t\t\t\t\t<\/button>\n\t\t\t\t<\/div>\n\t\t\t<\/div>\n\t\t<\/form>\n\t\t\t\t\t\t<\/div>\n\t\t\t\t<\/div>\n\t\t\t\t<\/div>\n\t\t\t\t<\/div>\n\t\t","protected":false},"excerpt":{"rendered":"<p>Mentions l\u00e9gales Conform\u00e9ment aux dispositions des Articles 6-III et 19 de la Loi n\u00b02004-575 du 21&nbsp;juin 2004 pour la Confiance dans l\u2019\u00e9conomie num\u00e9rique, dite L.C.E.N., il est port\u00e9 \u00e0 la&nbsp;connaissance des utilisateurs et visiteurs du site enjoyyourlifes.fr les&nbsp;pr\u00e9sentes mentions l\u00e9gales. Le site enjoyyourlifes.fr&nbsp;est accessible \u00e0 l\u2019adresse suivante : enjoyyourlifes.fr&nbsp;(ci-apr\u00e8s \u00ab le Site \u00bb). L\u2019acc\u00e8s et [&hellip;]<\/p>\n","protected":false},"author":4,"featured_media":4339,"parent":0,"menu_order":0,"comment_status":"closed","ping_status":"closed","template":"","meta":{"footnotes":""},"class_list":["post-665","page","type-page","status-publish","has-post-thumbnail","hentry"],"_links":{"self":[{"href":"https:\/\/enjoyyourlifes.fr\/en\/wp-json\/wp\/v2\/pages\/665","targetHints":{"allow":["GET"]}}],"collection":[{"href":"https:\/\/enjoyyourlifes.fr\/en\/wp-json\/wp\/v2\/pages"}],"about":[{"href":"https:\/\/enjoyyourlifes.fr\/en\/wp-json\/wp\/v2\/types\/page"}],"author":[{"embeddable":true,"href":"https:\/\/enjoyyourlifes.fr\/en\/wp-json\/wp\/v2\/users\/4"}],"replies":[{"embeddable":true,"href":"https:\/\/enjoyyourlifes.fr\/en\/wp-json\/wp\/v2\/comments?post=665"}],"version-history":[{"count":3,"href":"https:\/\/enjoyyourlifes.fr\/en\/wp-json\/wp\/v2\/pages\/665\/revisions"}],"predecessor-version":[{"id":5752,"href":"https:\/\/enjoyyourlifes.fr\/en\/wp-json\/wp\/v2\/pages\/665\/revisions\/5752"}],"wp:featuredmedia":[{"embeddable":true,"href":"https:\/\/enjoyyourlifes.fr\/en\/wp-json\/wp\/v2\/media\/4339"}],"wp:attachment":[{"href":"https:\/\/enjoyyourlifes.fr\/en\/wp-json\/wp\/v2\/media?parent=665"}],"curies":[{"name":"wp","href":"https:\/\/api.w.org\/{rel}","templated":true}]}}