{"id":5903,"date":"2025-10-21T15:05:58","date_gmt":"2025-10-21T14:05:58","guid":{"rendered":"https:\/\/enjoyyourlifes.fr\/?page_id=5903"},"modified":"2025-10-22T14:17:52","modified_gmt":"2025-10-22T13:17:52","slug":"blog","status":"publish","type":"page","link":"https:\/\/enjoyyourlifes.fr\/en\/blog\/","title":{"rendered":"Blog"},"content":{"rendered":"<div data-elementor-type=\"wp-page\" data-elementor-id=\"5903\" class=\"elementor elementor-5903\" data-elementor-post-type=\"page\">\n\t\t\t\t<div class=\"elementor-element elementor-element-1178bcc e-flex e-con-boxed e-con e-parent\" data-id=\"1178bcc\" data-element_type=\"container\" data-e-type=\"container\">\n\t\t\t\t\t<div class=\"e-con-inner\">\n\t\t\t\t<div class=\"elementor-element elementor-element-8046aab elementor-widget elementor-widget-spacer\" data-id=\"8046aab\" data-element_type=\"widget\" data-e-type=\"widget\" data-widget_type=\"spacer.default\">\n\t\t\t\t<div class=\"elementor-widget-container\">\n\t\t\t\t\t\t\t<div class=\"elementor-spacer\">\n\t\t\t<div class=\"elementor-spacer-inner\"><\/div>\n\t\t<\/div>\n\t\t\t\t\t\t<\/div>\n\t\t\t\t<\/div>\n\t\t\t\t<div class=\"elementor-element elementor-element-e51be6a elementor-widget elementor-widget-heading\" data-id=\"e51be6a\" data-element_type=\"widget\" data-e-type=\"widget\" data-widget_type=\"heading.default\">\n\t\t\t\t<div class=\"elementor-widget-container\">\n\t\t\t\t\t<h2 class=\"elementor-heading-title elementor-size-default\">D\u00e9couvrez nos derniers articles<\/h2>\t\t\t\t<\/div>\n\t\t\t\t<\/div>\n\t\t\t\t<div class=\"elementor-element elementor-element-3f4f302 elementor-widget elementor-widget-spacer\" data-id=\"3f4f302\" data-element_type=\"widget\" data-e-type=\"widget\" data-widget_type=\"spacer.default\">\n\t\t\t\t<div class=\"elementor-widget-container\">\n\t\t\t\t\t\t\t<div class=\"elementor-spacer\">\n\t\t\t<div class=\"elementor-spacer-inner\"><\/div>\n\t\t<\/div>\n\t\t\t\t\t\t<\/div>\n\t\t\t\t<\/div>\n\t\t\t\t<div class=\"elementor-element elementor-element-894f19b elementor-grid-3 elementor-grid-tablet-2 elementor-grid-mobile-1 elementor-posts--thumbnail-top elementor-posts--show-avatar elementor-card-shadow-yes elementor-posts__hover-gradient elementor-widget elementor-widget-posts\" data-id=\"894f19b\" data-element_type=\"widget\" data-e-type=\"widget\" data-settings=\"{&quot;cards_masonry&quot;:&quot;yes&quot;,&quot;cards_columns&quot;:&quot;3&quot;,&quot;cards_columns_tablet&quot;:&quot;2&quot;,&quot;cards_columns_mobile&quot;:&quot;1&quot;,&quot;cards_row_gap&quot;:{&quot;unit&quot;:&quot;px&quot;,&quot;size&quot;:35,&quot;sizes&quot;:[]},&quot;cards_row_gap_tablet&quot;:{&quot;unit&quot;:&quot;px&quot;,&quot;size&quot;:&quot;&quot;,&quot;sizes&quot;:[]},&quot;cards_row_gap_mobile&quot;:{&quot;unit&quot;:&quot;px&quot;,&quot;size&quot;:&quot;&quot;,&quot;sizes&quot;:[]}}\" data-widget_type=\"posts.cards\">\n\t\t\t\t<div class=\"elementor-widget-container\">\n\t\t\t\t\t\t\t<div class=\"elementor-posts-container elementor-posts elementor-posts--skin-cards elementor-grid\" role=\"list\">\n\t\t\t\t<article class=\"elementor-post elementor-grid-item post-6036 post type-post status-publish format-standard hentry category-deconnexion-digitale tag-retrouver-une-connexion-reelle\" role=\"listitem\">\n\t\t\t<div class=\"elementor-post__card\">\n\t\t\t\t<div class=\"elementor-post__text\">\n\t\t\t\t<h3 class=\"elementor-post__title\">\n\t\t\t<a href=\"https:\/\/enjoyyourlifes.fr\/en\/deconnexion-digitale-en-couple-retrouver-une-connexion\/\">\n\t\t\t\tD\u00e9connexion digitale en couple : pourquoi les \u00e9crans \u00e9loignent\u2026 et comment retrouver une connexion r\u00e9elle\t\t\t<\/a>\n\t\t<\/h3>\n\t\t\t\t<div class=\"elementor-post__excerpt\">\n\t\t\t<p>D\u00e9connexion digitale en couple : pourquoi les \u00e9crans \u00e9loignent\u2026 et comment retrouver une connexion r\u00e9elle On dit souvent que l\u2019amour se construit dans les regards, les gestes, les attentions du quotidien.Aujourd\u2019hui, tout \u00e7a est constamment interrompu par un \u00e9cran qui vibre. Le smartphone n\u2019a pas d\u00e9truit l\u2019amour \u2014 mais il<\/p>\n\t\t<\/div>\n\t\t\n\t\t<a class=\"elementor-post__read-more\" href=\"https:\/\/enjoyyourlifes.fr\/en\/deconnexion-digitale-en-couple-retrouver-une-connexion\/\" aria-label=\"Read more about D\u00e9connexion digitale en couple : pourquoi les \u00e9crans \u00e9loignent\u2026 et comment retrouver une connexion r\u00e9elle\" tabindex=\"-1\">\n\t\t\tLire la suite \u00bb\t\t<\/a>\n\n\t\t\t\t<\/div>\n\t\t\t\t<div class=\"elementor-post__meta-data\">\n\t\t\t\t\t<span class=\"elementor-post-date\">\n\t\t\t13 November 2025\t\t<\/span>\n\t\t\t\t<span class=\"elementor-post-avatar\">\n\t\t\tNo Comments\t\t<\/span>\n\t\t\t\t<\/div>\n\t\t\t\t\t<\/div>\n\t\t<\/article>\n\t\t\t\t<article class=\"elementor-post elementor-grid-item post-5949 post type-post status-publish format-standard has-post-thumbnail hentry category-bain-romantique tag-bain-romantique\" role=\"listitem\">\n\t\t\t<div class=\"elementor-post__card\">\n\t\t\t\t<a class=\"elementor-post__thumbnail__link\" href=\"https:\/\/enjoyyourlifes.fr\/en\/bain-romantique-avec-jacuzzi-privatif\/\" tabindex=\"-1\"><div class=\"elementor-post__thumbnail\"><img fetchpriority=\"high\" decoding=\"async\" width=\"300\" height=\"200\" src=\"https:\/\/enjoyyourlifes.fr\/wp-content\/uploads\/2025\/10\/WhatsApp-Image-2025-09-26-at-15.22.38-300x200.jpeg\" class=\"attachment-medium size-medium wp-image-5824\" alt=\"Bain romantique avec jacuzzi privatif\" srcset=\"https:\/\/enjoyyourlifes.fr\/wp-content\/uploads\/2025\/10\/WhatsApp-Image-2025-09-26-at-15.22.38-300x200.jpeg 300w, https:\/\/enjoyyourlifes.fr\/wp-content\/uploads\/2025\/10\/WhatsApp-Image-2025-09-26-at-15.22.38-1024x681.jpeg 1024w, https:\/\/enjoyyourlifes.fr\/wp-content\/uploads\/2025\/10\/WhatsApp-Image-2025-09-26-at-15.22.38-768x511.jpeg 768w, https:\/\/enjoyyourlifes.fr\/wp-content\/uploads\/2025\/10\/WhatsApp-Image-2025-09-26-at-15.22.38-1536x1021.jpeg 1536w, https:\/\/enjoyyourlifes.fr\/wp-content\/uploads\/2025\/10\/WhatsApp-Image-2025-09-26-at-15.22.38-18x12.jpeg 18w, https:\/\/enjoyyourlifes.fr\/wp-content\/uploads\/2025\/10\/WhatsApp-Image-2025-09-26-at-15.22.38.jpeg 1600w\" sizes=\"(max-width: 300px) 100vw, 300px\" \/><\/div><\/a>\n\t\t\t\t<div class=\"elementor-post__badge\">Bain romantique<\/div>\n\t\t\t\t<div class=\"elementor-post__avatar\">\n\t\t\t<img alt='M\u00e9lanie Grimm' src='https:\/\/secure.gravatar.com\/avatar\/c6a6bc3011a3add008cc39fca3deb2da07a3b61a52b14800cc7ba557602d485e?s=128&#038;d=mm&#038;r=g' srcset='https:\/\/secure.gravatar.com\/avatar\/c6a6bc3011a3add008cc39fca3deb2da07a3b61a52b14800cc7ba557602d485e?s=256&#038;d=mm&#038;r=g 2x' class='avatar avatar-128 photo' height='128' width='128' \/>\t\t<\/div>\n\t\t\t\t<div class=\"elementor-post__text\">\n\t\t\t\t<h3 class=\"elementor-post__title\">\n\t\t\t<a href=\"https:\/\/enjoyyourlifes.fr\/en\/bain-romantique-avec-jacuzzi-privatif\/\">\n\t\t\t\tBain romantique avec jacuzzi privatif : cr\u00e9ez un moment inoubliable \u00e0 deux\t\t\t<\/a>\n\t\t<\/h3>\n\t\t\t\t<div class=\"elementor-post__excerpt\">\n\t\t\t<p>Pourquoi un bain romantique avec jacuzzi privatif change tout Un bain romantique avec jacuzzi privatif n\u2019est pas un simple bain. C\u2019est un rituel. Une fa\u00e7on de dire \u00e0 l\u2019autre : \u201cJe pose le quotidien \u00e0 la porte, je choisis notre couple.\u201dImagine la sc\u00e8ne : la pi\u00e8ce est tamis\u00e9e, des bougies<\/p>\n\t\t<\/div>\n\t\t\n\t\t<a class=\"elementor-post__read-more\" href=\"https:\/\/enjoyyourlifes.fr\/en\/bain-romantique-avec-jacuzzi-privatif\/\" aria-label=\"Read more about Bain romantique avec jacuzzi privatif : cr\u00e9ez un moment inoubliable \u00e0 deux\" tabindex=\"-1\">\n\t\t\tLire la suite \u00bb\t\t<\/a>\n\n\t\t\t\t<\/div>\n\t\t\t\t<div class=\"elementor-post__meta-data\">\n\t\t\t\t\t<span class=\"elementor-post-date\">\n\t\t\t30 October 2025\t\t<\/span>\n\t\t\t\t<span class=\"elementor-post-avatar\">\n\t\t\tNo Comments\t\t<\/span>\n\t\t\t\t<\/div>\n\t\t\t\t\t<\/div>\n\t\t<\/article>\n\t\t\t\t<article class=\"elementor-post elementor-grid-item post-5776 post type-post status-publish format-standard has-post-thumbnail hentry category-rallumer-la-flamme tag-love-room-france-week-end-amoureux-jacuzzi tag-nuit-insolite-romantique tag-sejour-romantique-avec-jacuzzi\" role=\"listitem\">\n\t\t\t<div class=\"elementor-post__card\">\n\t\t\t\t<a class=\"elementor-post__thumbnail__link\" href=\"https:\/\/enjoyyourlifes.fr\/en\/nuit-romantique-avec-jacuzzi-privatif-5-rituels\/\" tabindex=\"-1\"><div class=\"elementor-post__thumbnail\"><img decoding=\"async\" width=\"300\" height=\"300\" src=\"https:\/\/enjoyyourlifes.fr\/wp-content\/uploads\/2025\/10\/Untitled-image-22-300x300.jpeg\" class=\"attachment-medium size-medium wp-image-5802\" alt=\"nuit romantique avec jacuzzi privatif\" srcset=\"https:\/\/enjoyyourlifes.fr\/wp-content\/uploads\/2025\/10\/Untitled-image-22-300x300.jpeg 300w, https:\/\/enjoyyourlifes.fr\/wp-content\/uploads\/2025\/10\/Untitled-image-22-1024x1024.jpeg 1024w, https:\/\/enjoyyourlifes.fr\/wp-content\/uploads\/2025\/10\/Untitled-image-22-150x150.jpeg 150w, https:\/\/enjoyyourlifes.fr\/wp-content\/uploads\/2025\/10\/Untitled-image-22-768x768.jpeg 768w, https:\/\/enjoyyourlifes.fr\/wp-content\/uploads\/2025\/10\/Untitled-image-22-12x12.jpeg 12w, https:\/\/enjoyyourlifes.fr\/wp-content\/uploads\/2025\/10\/Untitled-image-22.jpeg 1080w\" sizes=\"(max-width: 300px) 100vw, 300px\" \/><\/div><\/a>\n\t\t\t\t<div class=\"elementor-post__badge\">Rallumer la flamme<\/div>\n\t\t\t\t<div class=\"elementor-post__avatar\">\n\t\t\t<img alt='M\u00e9lanie Grimm' src='https:\/\/secure.gravatar.com\/avatar\/c6a6bc3011a3add008cc39fca3deb2da07a3b61a52b14800cc7ba557602d485e?s=128&#038;d=mm&#038;r=g' srcset='https:\/\/secure.gravatar.com\/avatar\/c6a6bc3011a3add008cc39fca3deb2da07a3b61a52b14800cc7ba557602d485e?s=256&#038;d=mm&#038;r=g 2x' class='avatar avatar-128 photo' height='128' width='128' \/>\t\t<\/div>\n\t\t\t\t<div class=\"elementor-post__text\">\n\t\t\t\t<h3 class=\"elementor-post__title\">\n\t\t\t<a href=\"https:\/\/enjoyyourlifes.fr\/en\/nuit-romantique-avec-jacuzzi-privatif-5-rituels\/\">\n\t\t\t\tNuit romantique avec jacuzzi privatif : 5 rituels pour rallumer la flamme\t\t\t<\/a>\n\t\t<\/h3>\n\t\t\t\t<div class=\"elementor-post__excerpt\">\n\t\t\t<p>La routine, c\u2019est un peu comme un voleur silencieux.<br \/>\nElle s\u2019installe sans pr\u00e9venir, entre les mails, les courses, les factures\u2026 et un jour, tu r\u00e9alises qu\u2019elle a vol\u00e9 une part de ta complicit\u00e9. Les c\u00e2lins se font rares, les d\u00eeners ressemblent \u00e0 des check-lists, et les \u00ab je t\u2019aime \u00bb se perdent dans le bruit du quotidien.<\/p>\n<p>Mais l\u2019amour, c\u2019est une flamme. Et comme toute flamme, il faut l\u2019alimenter pour \u00e9viter qu\u2019elle ne vacille.<br \/>\nLa bonne nouvelle ? Pas besoin d\u2019un voyage \u00e0 l\u2019autre bout du monde. De simples rituels, int\u00e9gr\u00e9s au quotidien, peuvent transformer ta relation. Et parfois, une nuit romantique avec jacuzzi privatif est le souffle dont votre couple a besoin.<\/p>\n\t\t<\/div>\n\t\t\n\t\t<a class=\"elementor-post__read-more\" href=\"https:\/\/enjoyyourlifes.fr\/en\/nuit-romantique-avec-jacuzzi-privatif-5-rituels\/\" aria-label=\"Read more about Nuit romantique avec jacuzzi privatif : 5 rituels pour rallumer la flamme\" tabindex=\"-1\">\n\t\t\tLire la suite \u00bb\t\t<\/a>\n\n\t\t\t\t<\/div>\n\t\t\t\t<div class=\"elementor-post__meta-data\">\n\t\t\t\t\t<span class=\"elementor-post-date\">\n\t\t\t21 October 2025\t\t<\/span>\n\t\t\t\t<span class=\"elementor-post-avatar\">\n\t\t\tNo Comments\t\t<\/span>\n\t\t\t\t<\/div>\n\t\t\t\t\t<\/div>\n\t\t<\/article>\n\t\t\t\t<\/div>\n\t\t\n\t\t\t\t\t\t<\/div>\n\t\t\t\t<\/div>\n\t\t\t\t\t<\/div>\n\t\t\t\t<\/div>\n\t\t<div class=\"elementor-element elementor-element-e379e62 e-flex e-con-boxed e-con e-parent\" data-id=\"e379e62\" data-element_type=\"container\" data-e-type=\"container\">\n\t\t\t\t\t<div class=\"e-con-inner\">\n\t\t\t\t<div class=\"elementor-element elementor-element-76ce49d elementor-widget elementor-widget-spacer\" data-id=\"76ce49d\" data-element_type=\"widget\" data-e-type=\"widget\" data-widget_type=\"spacer.default\">\n\t\t\t\t<div class=\"elementor-widget-container\">\n\t\t\t\t\t\t\t<div class=\"elementor-spacer\">\n\t\t\t<div class=\"elementor-spacer-inner\"><\/div>\n\t\t<\/div>\n\t\t\t\t\t\t<\/div>\n\t\t\t\t<\/div>\n\t\t\t\t\t<\/div>\n\t\t\t\t<\/div>\n\t\t\t\t<\/div>","protected":false},"excerpt":{"rendered":"<p>D\u00e9couvrez nos derniers articles<\/p>","protected":false},"author":4,"featured_media":0,"parent":0,"menu_order":0,"comment_status":"closed","ping_status":"closed","template":"","meta":{"footnotes":""},"class_list":["post-5903","page","type-page","status-publish","hentry"],"_links":{"self":[{"href":"https:\/\/enjoyyourlifes.fr\/en\/wp-json\/wp\/v2\/pages\/5903","targetHints":{"allow":["GET"]}}],"collection":[{"href":"https:\/\/enjoyyourlifes.fr\/en\/wp-json\/wp\/v2\/pages"}],"about":[{"href":"https:\/\/enjoyyourlifes.fr\/en\/wp-json\/wp\/v2\/types\/page"}],"author":[{"embeddable":true,"href":"https:\/\/enjoyyourlifes.fr\/en\/wp-json\/wp\/v2\/users\/4"}],"replies":[{"embeddable":true,"href":"https:\/\/enjoyyourlifes.fr\/en\/wp-json\/wp\/v2\/comments?post=5903"}],"version-history":[{"count":14,"href":"https:\/\/enjoyyourlifes.fr\/en\/wp-json\/wp\/v2\/pages\/5903\/revisions"}],"predecessor-version":[{"id":5923,"href":"https:\/\/enjoyyourlifes.fr\/en\/wp-json\/wp\/v2\/pages\/5903\/revisions\/5923"}],"wp:attachment":[{"href":"https:\/\/enjoyyourlifes.fr\/en\/wp-json\/wp\/v2\/media?parent=5903"}],"curies":[{"name":"wp","href":"https:\/\/api.w.org\/{rel}","templated":true}]}}