{"id":3526,"date":"2024-07-06T13:04:40","date_gmt":"2024-07-06T12:04:40","guid":{"rendered":"http:\/\/enjoyyourlifes.fr\/?page_id=3526"},"modified":"2024-07-25T09:51:11","modified_gmt":"2024-07-25T08:51:11","slug":"evreux","status":"publish","type":"page","link":"https:\/\/enjoyyourlifes.fr\/en\/reservation\/evreux\/","title":{"rendered":"S\u00e9journer \u00e0 \u00c9vreux"},"content":{"rendered":"\t\t<div data-elementor-type=\"wp-page\" data-elementor-id=\"3526\" class=\"elementor elementor-3526\" data-elementor-post-type=\"page\">\n\t\t\t\t<div class=\"elementor-element elementor-element-2ad8803 e-con-full e-flex e-con e-parent\" data-id=\"2ad8803\" data-element_type=\"container\" data-e-type=\"container\" data-settings=\"{&quot;background_background&quot;:&quot;classic&quot;}\">\n\t\t\t\t<div class=\"elementor-element elementor-element-29f0017 elementor-widget elementor-widget-html\" data-id=\"29f0017\" data-element_type=\"widget\" data-e-type=\"widget\" data-widget_type=\"html.default\">\n\t\t\t\t<div class=\"elementor-widget-container\">\n\t\t\t\t\t<iframe\n\tid=\"bookingengine\"\n\tstyle=\"display: block\"\n\tsrc=\"\"\n\twidth=\"100%\"\n\theight=\"5500\"\n\tframeborder=\"0\"\n\tscrolling=\"no\"\n\tallowfullscreen=\"allowfullscreen\"\n><\/iframe>\n<script>\n\tconst webKey = 'mLJGhqdPhDBEQ8iRblnJKeb4O';\n\tconst urlParams = new URLSearchParams(window.location.search);\n\tconst apartment = urlParams.get('appart') || null;\n\tconst checkInDate = urlParams.get('checkin') || null;\n\tconst checkOutDate = urlParams.get('checkout') || null;\n\tconst numberOfAdults = urlParams.get('adults') || null;\n\tconst numberOfChildren = urlParams.get('children') || null;\n\tconst language = urlParams.get('lang') || 'fr';\n\tconst group = urlParams.get('groups') || 'EVREUX';\n\n\tfunction getBaseUrl() {\n\t\treturn apartment\n\t\t\t? `https:\/\/app.superhote.com\/#\/rental\/${apartment}`\n\t\t\t: `https:\/\/app.superhote.com\/#\/get-available-rentals\/${webKey}`;\n\t}\n\n\tfunction getIframeUrl() {\n\t\tconst url = getBaseUrl();\n\n\t\tconst urlParameters = {\n\t\t\tstartDate: checkInDate,\n\t\t\tendDate: checkOutDate,\n\t\t\tadultsNumber: numberOfAdults,\n\t\t\tchildrenNumber: numberOfChildren,\n\t\t\tlang: language,\n\t\t\tgroups: group,\n\t\t};\n\n\t\tconst params = Object.entries(urlParameters)\n\t\t\t.filter(([key, value]) => value)\n\t\t\t.map(([key, value]) => `${key}=${value}`)\n\t\t\t.join('&');\n\n\t\tconsole.log(`${url}?${params}`);\n\n\t\treturn `${url}?${params}`;\n\t}\n\n\tdocument.getElementById('bookingengine').src = getIframeUrl();\n<\/script>\n\t\t\t\t<\/div>\n\t\t\t\t<\/div>\n\t\t\t\t<\/div>\n\t\t\t\t<\/div>\n\t\t","protected":false},"excerpt":{"rendered":"","protected":false},"author":4,"featured_media":4345,"parent":831,"menu_order":0,"comment_status":"closed","ping_status":"closed","template":"","meta":{"footnotes":""},"class_list":["post-3526","page","type-page","status-publish","has-post-thumbnail","hentry"],"_links":{"self":[{"href":"https:\/\/enjoyyourlifes.fr\/en\/wp-json\/wp\/v2\/pages\/3526","targetHints":{"allow":["GET"]}}],"collection":[{"href":"https:\/\/enjoyyourlifes.fr\/en\/wp-json\/wp\/v2\/pages"}],"about":[{"href":"https:\/\/enjoyyourlifes.fr\/en\/wp-json\/wp\/v2\/types\/page"}],"author":[{"embeddable":true,"href":"https:\/\/enjoyyourlifes.fr\/en\/wp-json\/wp\/v2\/users\/4"}],"replies":[{"embeddable":true,"href":"https:\/\/enjoyyourlifes.fr\/en\/wp-json\/wp\/v2\/comments?post=3526"}],"version-history":[{"count":0,"href":"https:\/\/enjoyyourlifes.fr\/en\/wp-json\/wp\/v2\/pages\/3526\/revisions"}],"up":[{"embeddable":true,"href":"https:\/\/enjoyyourlifes.fr\/en\/wp-json\/wp\/v2\/pages\/831"}],"wp:featuredmedia":[{"embeddable":true,"href":"https:\/\/enjoyyourlifes.fr\/en\/wp-json\/wp\/v2\/media\/4345"}],"wp:attachment":[{"href":"https:\/\/enjoyyourlifes.fr\/en\/wp-json\/wp\/v2\/media?parent=3526"}],"curies":[{"name":"wp","href":"https:\/\/api.w.org\/{rel}","templated":true}]}}